{"id":2060,"date":"2020-12-01T18:28:47","date_gmt":"2020-12-01T18:28:47","guid":{"rendered":"https:\/\/jordibordas.com\/fr\/new\/?page_id=2060"},"modified":"2023-06-12T14:39:16","modified_gmt":"2023-06-12T12:39:16","slug":"politica-de-cookies","status":"publish","type":"page","link":"https:\/\/jordibordas.com\/fr\/politica-de-cookies\/","title":{"rendered":"Pol\u00edtica de cookies"},"content":{"rendered":"\n<p>En cumplimiento con el deber de informaci\u00f3n recogido en el apartado 2\u00ba del art\u00edculo 22 de la Ley 34\/2002, de 11 de Julio, de Servicios de la Sociedad de la Informaci\u00f3n y del Comercio Electr\u00f3nico, la presente pol\u00edtica de cookies tiene por finalidad informarle de manera clara y precisa sobre las cookies que se utilizan en la p\u00e1gina web de JORDI BORDAS SLU.<\/p>\n\n\n\n<p><strong>\u00bfQu\u00e9 son las cookies?<\/strong><\/p>\n\n\n\n<p>Una cookie es un fichero de peque\u00f1o tama\u00f1o que los sitios web env\u00edan al navegador y se descargan en su ordenador. Las cookies permiten que la p\u00e1gina web almacene y recupere la informaci\u00f3n sobre su visita, como su idioma preferido y otras opciones, con el fin de mejorar los servicios que se ofrecen y contribuir a tener una mejor experiencia de navegaci\u00f3n para el usuario.<\/p>\n\n\n\n<p><strong>Autorizaci\u00f3n para el uso de cookies<\/strong><\/p>\n\n\n\n<p>De conformidad con el aviso de cookies que aparece en el sitio web, el usuario acepta que, al navegar por el mismo, consiente expresamente el uso de cookies seg\u00fan la descripci\u00f3n que a continuaci\u00f3n se detalla, sin perjuicio que el usuario pueda modificar la configuraci\u00f3n de su navegador para rechazar el uso de las cookies.<\/p>\n\n\n\n<p><strong>Tipos de cookies<\/strong><\/p>\n\n\n\n<p>En funci\u00f3n de qui\u00e9n gestione el dominio desde donde se env\u00edan las cookies y se traten los datos, se distinguir\u00e1 entre cookies propias y cookies de terceros.<\/p>\n\n\n\n<p>Las cookies tambi\u00e9n pueden clasificarse seg\u00fan el plazo de tiempo que permanezcan almacenadas en el navegador del usuario, distingui\u00e9ndose entre cookies de sesi\u00f3n o cookies persistentes.<\/p>\n\n\n\n<p>Finalmente, en funci\u00f3n de la finalidad para la que se trate la informaci\u00f3n recopilada, las cookies se pueden clasificar en las siguientes categor\u00edas:<\/p>\n\n\n\n<ul class=\"wp-block-list\">\n<li>Cookies t\u00e9cnicas: permiten al usuario navegar por un sitio web y utilizar algunos de los servicios ofrecidos por el mismo (como, por ejemplo, las que sirven para recordar los elementos integrantes de un carrito de compra).<\/li>\n\n\n\n<li>Cookies de personalizaci\u00f3n: permiten que el usuario acceda al sitio web con unas caracter\u00edsticas determinadas, como puede ser el idioma.<\/li>\n\n\n\n<li>Cookies de seguridad: sirven para impedir o dificultar los ataques contra el sitio web.<\/li>\n\n\n\n<li>Cookies de complemento para intercambiar contenidos sociales: los llamados plug-in, que permiten compartir contenidos en redes sociales.<\/li>\n\n\n\n<li>Cookies de an\u00e1lisis: permiten al responsable el seguimiento del comportamiento del usuario.<\/li>\n\n\n\n<li>Cookies publicitarias: permiten gestionar los espacios de publicidad del sitio web.<\/li>\n\n\n\n<li>Cookies de publicidad comportamental: como las anteriores, sirven para gestionar los espacios de publicidad del sitio web en funci\u00f3n de la informaci\u00f3n recogida sobre el comportamiento del usuario y sus h\u00e1bitos, adaptando la publicidad al perfil del usuario.<\/li>\n\n\n\n<li>Cookies de geolocalizaci\u00f3n: utilizadas para averiguar el pa\u00eds d\u00f3nde se encuentra el usuario.<\/li>\n<\/ul>\n\n\n\n<p><strong>C\u00f3mo modificar la configuraci\u00f3n de las cookies<\/strong><\/p>\n\n\n\n<p>Usted puede restringir, bloquear o borrar las cookies de JORDI BORDAS SLU&nbsp; o cualquier otra p\u00e1gina web utilizando su navegador. En cada navegador la operativa es diferente, puede encontrar c\u00f3mo hacerlo en el men\u00fa de ayuda de su navegador d\u00f3nde se establece el procedimiento para su eliminaci\u00f3n. Para m\u00e1s informaci\u00f3n:<\/p>\n\n\n\n<ul class=\"wp-block-list\">\n<li>Google Chrome:<\/li>\n<\/ul>\n\n\n\n<figure class=\"wp-block-embed\"><div class=\"wp-block-embed__wrapper\">\nhttps:\/\/support.google.com\/chrome\/answer\/95647?co=GENIE.Platform%3DDesktop&#038;hl=es\n<\/div><\/figure>\n\n\n\n<ul class=\"wp-block-list\">\n<li>Mozilla Firefox:<\/li>\n<\/ul>\n\n\n\n<figure class=\"wp-block-embed\"><div class=\"wp-block-embed__wrapper\">\nhttps:\/\/support.mozilla.org\/es\/kb\/habilitar-y-deshabilitar-cookies-sitios-web-rastrear-preferencias\n<\/div><\/figure>\n\n\n\n<ul class=\"wp-block-list\">\n<li>Safari:<\/li>\n<\/ul>\n\n\n\n<figure class=\"wp-block-embed\"><div class=\"wp-block-embed__wrapper\">\nhttps:\/\/support.apple.com\/es-es\/guide\/safari\/sfri11471\/mac\n<\/div><\/figure>\n\n\n\n<ul class=\"wp-block-list\">\n<li>Internet Explorer:<\/li>\n<\/ul>\n\n\n\n<figure class=\"wp-block-embed\"><div class=\"wp-block-embed__wrapper\">\nhttps:\/\/support.microsoft.com\/es-es\/help\/278835\/how-to-delete-cookie-files-in-internet-explorer\n<\/div><\/figure>\n\n\n\n<p>Es posible que al deshabilitar las cookies la p\u00e1gina web no funcione correctamente o no pueda acceder a determinadas funciones de la misma.<\/p>\n\n\n\n<p><strong>Cookies utilizadas en la web<\/strong><\/p>\n\n\n\n<p>En el portal web se utilizan diferentes tipos de cookies con distintas finalidades, a continuaci\u00f3n, se enumeran las cookies empleadas:<\/p>\n\n\n\n<h5 class=\"wp-block-heading\">_ga<\/h5>\n\n\n\n<p>Duraci\u00f3n: 2 a\u00f1os<\/p>\n\n\n\n<p>Descripci\u00f3n: Sirve para distinguir a los usuarios. Generada por Google Analytics. Google almacena la informaci\u00f3n recogida por las cookies en servidores ubicados en Estados Unidos, cumpliendo con la legislaci\u00f3n europea en cuanto a protecci\u00f3n de datos personales y se compromete a no compartirla con terceros, excepto cuando la ley le obligue a ello o sea necesario para el funcionamiento del sistema. Google no asocia su direccion IP con ninguna otra informaci\u00f3n que tenga. Si desea obtener m\u00e1s informaci\u00f3n acerca de las cookies usadas por Google Analytics, por favor acceda a esta direcci\u00f3n:<br><a href=\"https:\/\/developers.google.com\/analytics\/devguides\/collection\/analyticsjs\/cookie-usage?hl=es&amp;csw=1\" target=\"_blank\" rel=\"noreferrer noopener\">https:\/\/developers.google.com\/analytics\/devguides\/collection\/analyticsjs\/cookie-usage?hl=es&amp;csw=1<\/a><\/p>\n\n\n\n<p>Tipo: Tercero<\/p>\n\n\n\n<p>Finalidad: Anal\u00edtica<\/p>\n\n\n\n<h5 class=\"wp-block-heading\">_gid<\/h5>\n\n\n\n<p>Duraci\u00f3n: 1 a\u00f1o<\/p>\n\n\n\n<p>Descripci\u00f3n: Generada por Google Analytics. Google almacena la informaci\u00f3n recogida por las cookies en servidores ubicados en Estados Unidos, cumpliendo con la legislaci\u00f3n Europea en cuanto a protecci\u00f3n de datos personales y se compromete a no compartirla con terceros, excepto cuando la ley le obligue a ello o sea necesario para el funcionamiento del sistema. Google no asocia su direcci\u00f3n IP con ninguna otra informaci\u00f3n que tenga. Si desea obtener m\u00e1s informaci\u00f3n acerca de las cookies usadas por Google Analytics, por favor acceda a esta direccion:<a href=\"https:\/\/developers.google.com\/analytics\/devguides\/collection\/analyticsjs\/cookie-usage?hl=es&amp;csw\" target=\"_blank\" rel=\"noreferrer noopener\">https:\/\/developers.google.com\/analytics\/devguides\/collection\/analyticsjs\/cookie-usage?hl=es&amp;csw<\/a><\/p>\n\n\n\n<p>Tipo: Tercero<\/p>\n\n\n\n<p>Finalidad: Publicidad comportamental<\/p>\n\n\n\n<p><strong>_fbp&nbsp;&nbsp;&nbsp;&nbsp;&nbsp;<\/strong><\/p>\n\n\n\n<p>Duraci\u00f3n: 3 meses<\/p>\n\n\n\n<p>Descripci\u00f3n: Utilizado por Facebook para ofrecer una serie de productos tales como publicidad, ofertas en tiempo real de anunciantes terceros. Si desea obtener m\u00e1s informaci\u00f3n acerca de las cookies usadas por Facebook, por favor, acceda a esta direcci\u00f3n: <a href=\"https:\/\/www.facebook.com\/about\/privacy\/\">https:\/\/www.facebook.com\/about\/privacy\/<\/a><\/p>\n\n\n\n<p>Tipo: Tercero<\/p>\n\n\n\n<p>Finalidad: Publicidad<\/p>\n\n\n\n<p><strong>cookielawinfo-checkbox-necessary&nbsp;&nbsp;&nbsp;&nbsp;&nbsp;&nbsp;<\/strong><\/p>\n\n\n\n<p>Duraci\u00f3n: Sesi\u00f3n<\/p>\n\n\n\n<p>Descripci\u00f3n: Cookie necesaria para la utilizaci\u00f3n de las opciones y servicios del sitio web&nbsp;&nbsp;&nbsp;&nbsp;&nbsp;&nbsp;&nbsp;&nbsp;&nbsp;&nbsp;&nbsp;&nbsp;<\/p>\n\n\n\n<p>Finalidad: T\u00e9cnica-funcional<\/p>\n\n\n\n<p><strong>cookielawinfo-checkbox-non-necessary&nbsp;&nbsp;&nbsp;&nbsp;&nbsp;&nbsp;&nbsp;&nbsp;&nbsp;&nbsp;&nbsp;&nbsp;&nbsp;<\/strong><\/p>\n\n\n\n<p>Duraci\u00f3n: Sesi\u00f3n<\/p>\n\n\n\n<p>Descripci\u00f3n: Cookie necesaria para la utilizaci\u00f3n de las opciones y servicios del sitio web<\/p>\n\n\n\n<p>Finalidad: T\u00e9cnica-funcional<\/p>\n\n\n\n<p><strong>mailmunch_second_pageview<\/strong><\/p>\n\n\n\n<p>Duraci\u00f3n: 1 a\u00f1o<\/p>\n\n\n\n<p>Descripci\u00f3n: Cookie que proporciona un servicio de suscripci\u00f3n y almacena las preferencias del usuario. Si desea obtener m\u00e1s informaci\u00f3n acerca de las cookies usadas por Mailmunch, por favor, acceda a esta direcci\u00f3n: &nbsp;<a href=\"https:\/\/legal.mailmunch.com\/privacy\/\">https:\/\/legal.mailmunch.com\/privacy\/<\/a><\/p>\n\n\n\n<p>Tipo: Tercero<\/p>\n\n\n\n<p>Finalidad: Preferencias<\/p>\n\n\n\n<p><strong>mailmunch_visitor_id<\/strong><\/p>\n\n\n\n<p>Duraci\u00f3n: 1 a\u00f1o<\/p>\n\n\n\n<p>Descripci\u00f3n: Cookie que proporciona un servicio de suscripci\u00f3n y almacena las preferencias del usuario. Si desea obtener m\u00e1s informaci\u00f3n acerca de las cookies usadas por Mailmunch, por favor, acceda a esta direcci\u00f3n: &nbsp;<a href=\"https:\/\/legal.mailmunch.com\/privacy\/\">https:\/\/legal.mailmunch.com\/privacy\/<\/a><\/p>\n\n\n\n<p>Tipo: Tercero<\/p>\n\n\n\n<p>Finalidad: Preferencias<\/p>\n\n\n\n<p><strong>mc_landing_site<\/strong><\/p>\n\n\n\n<p>Duraci\u00f3n: 2 semanas<\/p>\n\n\n\n<p>Descripci\u00f3n: Cookie que almacena la p\u00e1gina que se ha visitado primero. Si desea obtener m\u00e1s informaci\u00f3n acerca de las cookies usadas por Mailchimp, por favor, acceda a esta direcci\u00f3n: &nbsp;<a href=\"https:\/\/mailchimp.com\/legal\/privacy\/\">https:\/\/mailchimp.com\/legal\/privacy\/<\/a><\/p>\n\n\n\n<p>Tipo: Tercero<\/p>\n\n\n\n<p>Finalidad: Marketing<\/p>\n\n\n\n<p><strong>Wp_woocommerce_session_<\/strong><\/p>\n\n\n\n<p>Duraci\u00f3n: 2 d\u00edas<\/p>\n\n\n\n<p>Descripci\u00f3n: Cookie que almacena los productos a\u00f1adidos al carrito. Si desea obtener m\u00e1s informaci\u00f3n acerca de las cookies usadas por WooCommerce, por favor, acceda a esta direcci\u00f3n: &nbsp;<a href=\"https:\/\/automattic.com\/privacy\/\">https:\/\/automattic.com\/privacy\/<\/a><\/p>\n\n\n\n<p>Tipo: Tercero<\/p>\n\n\n\n<p>Finalidad: Funcional<\/p>\n\n\n\n<p><strong>Modificaci\u00f3n de las condiciones<\/strong><\/p>\n\n\n\n<p>JORDI BORDAS SLU se reserva expresamente el derecho a modificar unilateralmente, total o parcialmente, sin necesidad de previo aviso, la presente Pol\u00edtica de Cookies. El usuario reconoce y acepta que es su responsabilidad revisar la presente Pol\u00edtica de Cookies.<\/p>\n","protected":false},"excerpt":{"rendered":"<p>En cumplimiento con el deber de informaci\u00f3n recogido en el apartado 2\u00ba del art\u00edculo 22 de la Ley 34\/2002, de 11 de Julio, de Servicios de la Sociedad de la Informaci\u00f3n y del Comercio Electr\u00f3nico, la presente pol\u00edtica de cookies tiene por finalidad informarle de manera clara y precisa sobre las cookies que se utilizan [&hellip;]<\/p>\n","protected":false},"author":3,"featured_media":0,"parent":0,"menu_order":0,"comment_status":"closed","ping_status":"closed","template":"","meta":{"_acf_changed":false,"_bbp_topic_count":0,"_bbp_reply_count":0,"_bbp_total_topic_count":0,"_bbp_total_reply_count":0,"_bbp_voice_count":0,"_bbp_anonymous_reply_count":0,"_bbp_topic_count_hidden":0,"_bbp_reply_count_hidden":0,"_bbp_forum_subforum_count":0,"_themeisle_gutenberg_block_has_review":false,"footnotes":""},"class_list":["post-2060","page","type-page","status-publish","hentry"],"acf":[],"yoast_head":"<!-- This site is optimized with the Yoast SEO plugin v27.6 - https:\/\/yoast.com\/product\/yoast-seo-wordpress\/ -->\n<title>Pol\u00edtica de cookies - Jordi Bordas \u00c9cole de P\u00e2tisserie<\/title>\n<meta name=\"robots\" content=\"noindex, nofollow\" \/>\n<meta property=\"og:locale\" content=\"fr_FR\" \/>\n<meta property=\"og:type\" content=\"article\" \/>\n<meta property=\"og:title\" content=\"Pol\u00edtica de cookies - Jordi Bordas \u00c9cole de P\u00e2tisserie\" \/>\n<meta property=\"og:description\" content=\"En cumplimiento con el deber de informaci\u00f3n recogido en el apartado 2\u00ba del art\u00edculo 22 de la Ley 34\/2002, de 11 de Julio, de Servicios de la Sociedad de la Informaci\u00f3n y del Comercio Electr\u00f3nico, la presente pol\u00edtica de cookies tiene por finalidad informarle de manera clara y precisa sobre las cookies que se utilizan [&hellip;]\" \/>\n<meta property=\"og:url\" content=\"https:\/\/jordibordas.com\/fr\/politica-de-cookies\/\" \/>\n<meta property=\"og:site_name\" content=\"Jordi Bordas \u00c9cole de P\u00e2tisserie\" \/>\n<meta property=\"article:modified_time\" content=\"2023-06-12T12:39:16+00:00\" \/>\n<meta name=\"twitter:card\" content=\"summary_large_image\" \/>\n<meta name=\"twitter:label1\" content=\"Dur\u00e9e de lecture estim\u00e9e\" \/>\n\t<meta name=\"twitter:data1\" content=\"5 minutes\" \/>\n<script type=\"application\/ld+json\" class=\"yoast-schema-graph\">{\"@context\":\"https:\\\/\\\/schema.org\",\"@graph\":[{\"@type\":\"WebPage\",\"@id\":\"https:\\\/\\\/jordibordas.com\\\/fr\\\/politica-de-cookies\\\/\",\"url\":\"https:\\\/\\\/jordibordas.com\\\/fr\\\/politica-de-cookies\\\/\",\"name\":\"Pol\u00edtica de cookies - Jordi Bordas \u00c9cole de P\u00e2tisserie\",\"isPartOf\":{\"@id\":\"https:\\\/\\\/jordibordas.com\\\/fr\\\/#website\"},\"datePublished\":\"2020-12-01T18:28:47+00:00\",\"dateModified\":\"2023-06-12T12:39:16+00:00\",\"breadcrumb\":{\"@id\":\"https:\\\/\\\/jordibordas.com\\\/fr\\\/politica-de-cookies\\\/#breadcrumb\"},\"inLanguage\":\"fr-FR\",\"potentialAction\":[{\"@type\":\"ReadAction\",\"target\":[\"https:\\\/\\\/jordibordas.com\\\/fr\\\/politica-de-cookies\\\/\"]}]},{\"@type\":\"BreadcrumbList\",\"@id\":\"https:\\\/\\\/jordibordas.com\\\/fr\\\/politica-de-cookies\\\/#breadcrumb\",\"itemListElement\":[{\"@type\":\"ListItem\",\"position\":1,\"name\":\"Portada\",\"item\":\"https:\\\/\\\/jordibordas.com\\\/fr\\\/\"},{\"@type\":\"ListItem\",\"position\":2,\"name\":\"Pol\u00edtica de cookies\"}]},{\"@type\":\"WebSite\",\"@id\":\"https:\\\/\\\/jordibordas.com\\\/fr\\\/#website\",\"url\":\"https:\\\/\\\/jordibordas.com\\\/fr\\\/\",\"name\":\"Jordi Bordas \u00c9cole de P\u00e2tisserie\",\"description\":\"Innovative Pastry Education\",\"publisher\":{\"@id\":\"https:\\\/\\\/jordibordas.com\\\/fr\\\/#organization\"},\"potentialAction\":[{\"@type\":\"SearchAction\",\"target\":{\"@type\":\"EntryPoint\",\"urlTemplate\":\"https:\\\/\\\/jordibordas.com\\\/fr\\\/?s={search_term_string}\"},\"query-input\":{\"@type\":\"PropertyValueSpecification\",\"valueRequired\":true,\"valueName\":\"search_term_string\"}}],\"inLanguage\":\"fr-FR\"},{\"@type\":\"Organization\",\"@id\":\"https:\\\/\\\/jordibordas.com\\\/fr\\\/#organization\",\"name\":\"Jordi Bordas\",\"url\":\"https:\\\/\\\/jordibordas.com\\\/fr\\\/\",\"logo\":{\"@type\":\"ImageObject\",\"inLanguage\":\"fr-FR\",\"@id\":\"https:\\\/\\\/jordibordas.com\\\/fr\\\/#\\\/schema\\\/logo\\\/image\\\/\",\"url\":\"https:\\\/\\\/jordibordas.com\\\/fr\\\/wp-content\\\/uploads\\\/sites\\\/6\\\/2020\\\/11\\\/logo.svg\",\"contentUrl\":\"https:\\\/\\\/jordibordas.com\\\/fr\\\/wp-content\\\/uploads\\\/sites\\\/6\\\/2020\\\/11\\\/logo.svg\",\"width\":274,\"height\":68,\"caption\":\"Jordi Bordas\"},\"image\":{\"@id\":\"https:\\\/\\\/jordibordas.com\\\/fr\\\/#\\\/schema\\\/logo\\\/image\\\/\"}}]}<\/script>\n<!-- \/ Yoast SEO plugin. -->","yoast_head_json":{"title":"Pol\u00edtica de cookies - Jordi Bordas \u00c9cole de P\u00e2tisserie","robots":{"index":"noindex","follow":"nofollow"},"og_locale":"fr_FR","og_type":"article","og_title":"Pol\u00edtica de cookies - Jordi Bordas \u00c9cole de P\u00e2tisserie","og_description":"En cumplimiento con el deber de informaci\u00f3n recogido en el apartado 2\u00ba del art\u00edculo 22 de la Ley 34\/2002, de 11 de Julio, de Servicios de la Sociedad de la Informaci\u00f3n y del Comercio Electr\u00f3nico, la presente pol\u00edtica de cookies tiene por finalidad informarle de manera clara y precisa sobre las cookies que se utilizan [&hellip;]","og_url":"https:\/\/jordibordas.com\/fr\/politica-de-cookies\/","og_site_name":"Jordi Bordas \u00c9cole de P\u00e2tisserie","article_modified_time":"2023-06-12T12:39:16+00:00","twitter_card":"summary_large_image","twitter_misc":{"Dur\u00e9e de lecture estim\u00e9e":"5 minutes"},"schema":{"@context":"https:\/\/schema.org","@graph":[{"@type":"WebPage","@id":"https:\/\/jordibordas.com\/fr\/politica-de-cookies\/","url":"https:\/\/jordibordas.com\/fr\/politica-de-cookies\/","name":"Pol\u00edtica de cookies - Jordi Bordas \u00c9cole de P\u00e2tisserie","isPartOf":{"@id":"https:\/\/jordibordas.com\/fr\/#website"},"datePublished":"2020-12-01T18:28:47+00:00","dateModified":"2023-06-12T12:39:16+00:00","breadcrumb":{"@id":"https:\/\/jordibordas.com\/fr\/politica-de-cookies\/#breadcrumb"},"inLanguage":"fr-FR","potentialAction":[{"@type":"ReadAction","target":["https:\/\/jordibordas.com\/fr\/politica-de-cookies\/"]}]},{"@type":"BreadcrumbList","@id":"https:\/\/jordibordas.com\/fr\/politica-de-cookies\/#breadcrumb","itemListElement":[{"@type":"ListItem","position":1,"name":"Portada","item":"https:\/\/jordibordas.com\/fr\/"},{"@type":"ListItem","position":2,"name":"Pol\u00edtica de cookies"}]},{"@type":"WebSite","@id":"https:\/\/jordibordas.com\/fr\/#website","url":"https:\/\/jordibordas.com\/fr\/","name":"Jordi Bordas \u00c9cole de P\u00e2tisserie","description":"Innovative Pastry Education","publisher":{"@id":"https:\/\/jordibordas.com\/fr\/#organization"},"potentialAction":[{"@type":"SearchAction","target":{"@type":"EntryPoint","urlTemplate":"https:\/\/jordibordas.com\/fr\/?s={search_term_string}"},"query-input":{"@type":"PropertyValueSpecification","valueRequired":true,"valueName":"search_term_string"}}],"inLanguage":"fr-FR"},{"@type":"Organization","@id":"https:\/\/jordibordas.com\/fr\/#organization","name":"Jordi Bordas","url":"https:\/\/jordibordas.com\/fr\/","logo":{"@type":"ImageObject","inLanguage":"fr-FR","@id":"https:\/\/jordibordas.com\/fr\/#\/schema\/logo\/image\/","url":"https:\/\/jordibordas.com\/fr\/wp-content\/uploads\/sites\/6\/2020\/11\/logo.svg","contentUrl":"https:\/\/jordibordas.com\/fr\/wp-content\/uploads\/sites\/6\/2020\/11\/logo.svg","width":274,"height":68,"caption":"Jordi Bordas"},"image":{"@id":"https:\/\/jordibordas.com\/fr\/#\/schema\/logo\/image\/"}}]}},"_links":{"self":[{"href":"https:\/\/jordibordas.com\/fr\/wp-json\/wp\/v2\/pages\/2060","targetHints":{"allow":["GET"]}}],"collection":[{"href":"https:\/\/jordibordas.com\/fr\/wp-json\/wp\/v2\/pages"}],"about":[{"href":"https:\/\/jordibordas.com\/fr\/wp-json\/wp\/v2\/types\/page"}],"author":[{"embeddable":true,"href":"https:\/\/jordibordas.com\/fr\/wp-json\/wp\/v2\/users\/3"}],"replies":[{"embeddable":true,"href":"https:\/\/jordibordas.com\/fr\/wp-json\/wp\/v2\/comments?post=2060"}],"version-history":[{"count":4,"href":"https:\/\/jordibordas.com\/fr\/wp-json\/wp\/v2\/pages\/2060\/revisions"}],"predecessor-version":[{"id":21200,"href":"https:\/\/jordibordas.com\/fr\/wp-json\/wp\/v2\/pages\/2060\/revisions\/21200"}],"wp:attachment":[{"href":"https:\/\/jordibordas.com\/fr\/wp-json\/wp\/v2\/media?parent=2060"}],"curies":[{"name":"wp","href":"https:\/\/api.w.org\/{rel}","templated":true}]}}