{"id":271,"date":"2020-11-09T13:07:03","date_gmt":"2020-11-09T12:07:03","guid":{"rendered":"https:\/\/jordibordas.com\/fr\/new\/?page_id=271"},"modified":"2023-07-20T16:14:21","modified_gmt":"2023-07-20T14:14:21","slug":"equipe-jordi-bordas","status":"publish","type":"page","link":"https:\/\/jordibordas.com\/fr\/equipe-jordi-bordas\/","title":{"rendered":"\u00c9quipe Jordi Bordas"},"content":{"rendered":"","protected":false},"excerpt":{"rendered":"","protected":false},"author":2,"featured_media":9675,"parent":0,"menu_order":0,"comment_status":"closed","ping_status":"closed","template":"","meta":{"_acf_changed":false,"_bbp_topic_count":0,"_bbp_reply_count":0,"_bbp_total_topic_count":0,"_bbp_total_reply_count":0,"_bbp_voice_count":0,"_bbp_anonymous_reply_count":0,"_bbp_topic_count_hidden":0,"_bbp_reply_count_hidden":0,"_bbp_forum_subforum_count":0,"_themeisle_gutenberg_block_has_review":false,"footnotes":""},"class_list":["post-271","page","type-page","status-publish","has-post-thumbnail","hentry"],"acf":[],"yoast_head":"<!-- This site is optimized with the Yoast SEO plugin v27.4 - https:\/\/yoast.com\/product\/yoast-seo-wordpress\/ -->\n<title>\u00c9quipe Jordi Bordas en pasteler\u00eda - Escuela Jordi Bordas \u00c9cole de P\u00e2tisserie<\/title>\n<meta name=\"description\" content=\"La Escuela Jordi Bordas est\u00e1 formada por un equipo de profesionales de disciplinas como la gastronom\u00eda, la ciencia o la comunicaci\u00f3n.\" \/>\n<meta name=\"robots\" content=\"index, follow, max-snippet:-1, max-image-preview:large, max-video-preview:-1\" \/>\n<link rel=\"canonical\" href=\"https:\/\/jordibordas.com\/fr\/equipe-jordi-bordas\/\" \/>\n<meta property=\"og:locale\" content=\"fr_FR\" \/>\n<meta property=\"og:type\" content=\"article\" \/>\n<meta property=\"og:title\" content=\"\u00c9quipe Jordi Bordas en pasteler\u00eda - Escuela Jordi Bordas \u00c9cole de P\u00e2tisserie\" \/>\n<meta property=\"og:description\" content=\"La Escuela Jordi Bordas est\u00e1 formada por un equipo de profesionales de disciplinas como la gastronom\u00eda, la ciencia o la comunicaci\u00f3n.\" \/>\n<meta property=\"og:url\" content=\"https:\/\/jordibordas.com\/fr\/equipe-jordi-bordas\/\" \/>\n<meta property=\"og:site_name\" content=\"Jordi Bordas \u00c9cole de P\u00e2tisserie\" \/>\n<meta property=\"article:modified_time\" content=\"2023-07-20T14:14:21+00:00\" \/>\n<meta property=\"og:image\" content=\"https:\/\/jordibordas.com\/fr\/wp-content\/uploads\/sites\/6\/2022\/07\/IMG_8992-scaled.jpg\" \/>\n\t<meta property=\"og:image:width\" content=\"2560\" \/>\n\t<meta property=\"og:image:height\" content=\"1707\" \/>\n\t<meta property=\"og:image:type\" content=\"image\/jpeg\" \/>\n<meta name=\"twitter:card\" content=\"summary_large_image\" \/>\n<script type=\"application\/ld+json\" class=\"yoast-schema-graph\">{\"@context\":\"https:\\\/\\\/schema.org\",\"@graph\":[{\"@type\":\"WebPage\",\"@id\":\"https:\\\/\\\/jordibordas.com\\\/fr\\\/equipe-jordi-bordas\\\/\",\"url\":\"https:\\\/\\\/jordibordas.com\\\/fr\\\/equipe-jordi-bordas\\\/\",\"name\":\"\u00c9quipe Jordi Bordas en pasteler\u00eda - Escuela Jordi Bordas \u00c9cole de P\u00e2tisserie\",\"isPartOf\":{\"@id\":\"https:\\\/\\\/jordibordas.com\\\/fr\\\/#website\"},\"primaryImageOfPage\":{\"@id\":\"https:\\\/\\\/jordibordas.com\\\/fr\\\/equipe-jordi-bordas\\\/#primaryimage\"},\"image\":{\"@id\":\"https:\\\/\\\/jordibordas.com\\\/fr\\\/equipe-jordi-bordas\\\/#primaryimage\"},\"thumbnailUrl\":\"https:\\\/\\\/jordibordas.com\\\/fr\\\/wp-content\\\/uploads\\\/sites\\\/6\\\/2022\\\/07\\\/IMG_8992-scaled.jpg\",\"datePublished\":\"2020-11-09T12:07:03+00:00\",\"dateModified\":\"2023-07-20T14:14:21+00:00\",\"description\":\"La Escuela Jordi Bordas est\u00e1 formada por un equipo de profesionales de disciplinas como la gastronom\u00eda, la ciencia o la comunicaci\u00f3n.\",\"breadcrumb\":{\"@id\":\"https:\\\/\\\/jordibordas.com\\\/fr\\\/equipe-jordi-bordas\\\/#breadcrumb\"},\"inLanguage\":\"fr-FR\",\"potentialAction\":[{\"@type\":\"ReadAction\",\"target\":[\"https:\\\/\\\/jordibordas.com\\\/fr\\\/equipe-jordi-bordas\\\/\"]}]},{\"@type\":\"ImageObject\",\"inLanguage\":\"fr-FR\",\"@id\":\"https:\\\/\\\/jordibordas.com\\\/fr\\\/equipe-jordi-bordas\\\/#primaryimage\",\"url\":\"https:\\\/\\\/jordibordas.com\\\/fr\\\/wp-content\\\/uploads\\\/sites\\\/6\\\/2022\\\/07\\\/IMG_8992-scaled.jpg\",\"contentUrl\":\"https:\\\/\\\/jordibordas.com\\\/fr\\\/wp-content\\\/uploads\\\/sites\\\/6\\\/2022\\\/07\\\/IMG_8992-scaled.jpg\",\"width\":2560,\"height\":1707},{\"@type\":\"BreadcrumbList\",\"@id\":\"https:\\\/\\\/jordibordas.com\\\/fr\\\/equipe-jordi-bordas\\\/#breadcrumb\",\"itemListElement\":[{\"@type\":\"ListItem\",\"position\":1,\"name\":\"Portada\",\"item\":\"https:\\\/\\\/jordibordas.com\\\/fr\\\/\"},{\"@type\":\"ListItem\",\"position\":2,\"name\":\"\u00c9quipe Jordi Bordas\"}]},{\"@type\":\"WebSite\",\"@id\":\"https:\\\/\\\/jordibordas.com\\\/fr\\\/#website\",\"url\":\"https:\\\/\\\/jordibordas.com\\\/fr\\\/\",\"name\":\"Jordi Bordas \u00c9cole de P\u00e2tisserie\",\"description\":\"Innovative Pastry Education\",\"publisher\":{\"@id\":\"https:\\\/\\\/jordibordas.com\\\/fr\\\/#organization\"},\"potentialAction\":[{\"@type\":\"SearchAction\",\"target\":{\"@type\":\"EntryPoint\",\"urlTemplate\":\"https:\\\/\\\/jordibordas.com\\\/fr\\\/?s={search_term_string}\"},\"query-input\":{\"@type\":\"PropertyValueSpecification\",\"valueRequired\":true,\"valueName\":\"search_term_string\"}}],\"inLanguage\":\"fr-FR\"},{\"@type\":\"Organization\",\"@id\":\"https:\\\/\\\/jordibordas.com\\\/fr\\\/#organization\",\"name\":\"Jordi Bordas\",\"url\":\"https:\\\/\\\/jordibordas.com\\\/fr\\\/\",\"logo\":{\"@type\":\"ImageObject\",\"inLanguage\":\"fr-FR\",\"@id\":\"https:\\\/\\\/jordibordas.com\\\/fr\\\/#\\\/schema\\\/logo\\\/image\\\/\",\"url\":\"https:\\\/\\\/jordibordas.com\\\/fr\\\/wp-content\\\/uploads\\\/sites\\\/6\\\/2020\\\/11\\\/logo.svg\",\"contentUrl\":\"https:\\\/\\\/jordibordas.com\\\/fr\\\/wp-content\\\/uploads\\\/sites\\\/6\\\/2020\\\/11\\\/logo.svg\",\"width\":274,\"height\":68,\"caption\":\"Jordi Bordas\"},\"image\":{\"@id\":\"https:\\\/\\\/jordibordas.com\\\/fr\\\/#\\\/schema\\\/logo\\\/image\\\/\"}}]}<\/script>\n<!-- \/ Yoast SEO plugin. -->","yoast_head_json":{"title":"\u00c9quipe Jordi Bordas en pasteler\u00eda - Escuela Jordi Bordas \u00c9cole de P\u00e2tisserie","description":"La Escuela Jordi Bordas est\u00e1 formada por un equipo de profesionales de disciplinas como la gastronom\u00eda, la ciencia o la comunicaci\u00f3n.","robots":{"index":"index","follow":"follow","max-snippet":"max-snippet:-1","max-image-preview":"max-image-preview:large","max-video-preview":"max-video-preview:-1"},"canonical":"https:\/\/jordibordas.com\/fr\/equipe-jordi-bordas\/","og_locale":"fr_FR","og_type":"article","og_title":"\u00c9quipe Jordi Bordas en pasteler\u00eda - Escuela Jordi Bordas \u00c9cole de P\u00e2tisserie","og_description":"La Escuela Jordi Bordas est\u00e1 formada por un equipo de profesionales de disciplinas como la gastronom\u00eda, la ciencia o la comunicaci\u00f3n.","og_url":"https:\/\/jordibordas.com\/fr\/equipe-jordi-bordas\/","og_site_name":"Jordi Bordas \u00c9cole de P\u00e2tisserie","article_modified_time":"2023-07-20T14:14:21+00:00","og_image":[{"width":2560,"height":1707,"url":"https:\/\/jordibordas.com\/fr\/wp-content\/uploads\/sites\/6\/2022\/07\/IMG_8992-scaled.jpg","type":"image\/jpeg"}],"twitter_card":"summary_large_image","schema":{"@context":"https:\/\/schema.org","@graph":[{"@type":"WebPage","@id":"https:\/\/jordibordas.com\/fr\/equipe-jordi-bordas\/","url":"https:\/\/jordibordas.com\/fr\/equipe-jordi-bordas\/","name":"\u00c9quipe Jordi Bordas en pasteler\u00eda - Escuela Jordi Bordas \u00c9cole de P\u00e2tisserie","isPartOf":{"@id":"https:\/\/jordibordas.com\/fr\/#website"},"primaryImageOfPage":{"@id":"https:\/\/jordibordas.com\/fr\/equipe-jordi-bordas\/#primaryimage"},"image":{"@id":"https:\/\/jordibordas.com\/fr\/equipe-jordi-bordas\/#primaryimage"},"thumbnailUrl":"https:\/\/jordibordas.com\/fr\/wp-content\/uploads\/sites\/6\/2022\/07\/IMG_8992-scaled.jpg","datePublished":"2020-11-09T12:07:03+00:00","dateModified":"2023-07-20T14:14:21+00:00","description":"La Escuela Jordi Bordas est\u00e1 formada por un equipo de profesionales de disciplinas como la gastronom\u00eda, la ciencia o la comunicaci\u00f3n.","breadcrumb":{"@id":"https:\/\/jordibordas.com\/fr\/equipe-jordi-bordas\/#breadcrumb"},"inLanguage":"fr-FR","potentialAction":[{"@type":"ReadAction","target":["https:\/\/jordibordas.com\/fr\/equipe-jordi-bordas\/"]}]},{"@type":"ImageObject","inLanguage":"fr-FR","@id":"https:\/\/jordibordas.com\/fr\/equipe-jordi-bordas\/#primaryimage","url":"https:\/\/jordibordas.com\/fr\/wp-content\/uploads\/sites\/6\/2022\/07\/IMG_8992-scaled.jpg","contentUrl":"https:\/\/jordibordas.com\/fr\/wp-content\/uploads\/sites\/6\/2022\/07\/IMG_8992-scaled.jpg","width":2560,"height":1707},{"@type":"BreadcrumbList","@id":"https:\/\/jordibordas.com\/fr\/equipe-jordi-bordas\/#breadcrumb","itemListElement":[{"@type":"ListItem","position":1,"name":"Portada","item":"https:\/\/jordibordas.com\/fr\/"},{"@type":"ListItem","position":2,"name":"\u00c9quipe Jordi Bordas"}]},{"@type":"WebSite","@id":"https:\/\/jordibordas.com\/fr\/#website","url":"https:\/\/jordibordas.com\/fr\/","name":"Jordi Bordas \u00c9cole de P\u00e2tisserie","description":"Innovative Pastry Education","publisher":{"@id":"https:\/\/jordibordas.com\/fr\/#organization"},"potentialAction":[{"@type":"SearchAction","target":{"@type":"EntryPoint","urlTemplate":"https:\/\/jordibordas.com\/fr\/?s={search_term_string}"},"query-input":{"@type":"PropertyValueSpecification","valueRequired":true,"valueName":"search_term_string"}}],"inLanguage":"fr-FR"},{"@type":"Organization","@id":"https:\/\/jordibordas.com\/fr\/#organization","name":"Jordi Bordas","url":"https:\/\/jordibordas.com\/fr\/","logo":{"@type":"ImageObject","inLanguage":"fr-FR","@id":"https:\/\/jordibordas.com\/fr\/#\/schema\/logo\/image\/","url":"https:\/\/jordibordas.com\/fr\/wp-content\/uploads\/sites\/6\/2020\/11\/logo.svg","contentUrl":"https:\/\/jordibordas.com\/fr\/wp-content\/uploads\/sites\/6\/2020\/11\/logo.svg","width":274,"height":68,"caption":"Jordi Bordas"},"image":{"@id":"https:\/\/jordibordas.com\/fr\/#\/schema\/logo\/image\/"}}]}},"_links":{"self":[{"href":"https:\/\/jordibordas.com\/fr\/wp-json\/wp\/v2\/pages\/271","targetHints":{"allow":["GET"]}}],"collection":[{"href":"https:\/\/jordibordas.com\/fr\/wp-json\/wp\/v2\/pages"}],"about":[{"href":"https:\/\/jordibordas.com\/fr\/wp-json\/wp\/v2\/types\/page"}],"author":[{"embeddable":true,"href":"https:\/\/jordibordas.com\/fr\/wp-json\/wp\/v2\/users\/2"}],"replies":[{"embeddable":true,"href":"https:\/\/jordibordas.com\/fr\/wp-json\/wp\/v2\/comments?post=271"}],"version-history":[{"count":52,"href":"https:\/\/jordibordas.com\/fr\/wp-json\/wp\/v2\/pages\/271\/revisions"}],"predecessor-version":[{"id":21450,"href":"https:\/\/jordibordas.com\/fr\/wp-json\/wp\/v2\/pages\/271\/revisions\/21450"}],"wp:featuredmedia":[{"embeddable":true,"href":"https:\/\/jordibordas.com\/fr\/wp-json\/wp\/v2\/media\/9675"}],"wp:attachment":[{"href":"https:\/\/jordibordas.com\/fr\/wp-json\/wp\/v2\/media?parent=271"}],"curies":[{"name":"wp","href":"https:\/\/api.w.org\/{rel}","templated":true}]}}