{"id":9825,"date":"2022-07-14T12:25:41","date_gmt":"2022-07-14T10:25:41","guid":{"rendered":"https:\/\/jordibordas.com\/fr\/?page_id=9825"},"modified":"2026-02-24T11:26:36","modified_gmt":"2026-02-24T10:26:36","slug":"curso-de-iniciacion-a-la-formulacion-de-recetas-con-el-metodo-b-concept","status":"publish","type":"page","link":"https:\/\/jordibordas.com\/fr\/","title":{"rendered":"Cours \u00e0 la formulation de recettes avec la m\u00e9thode B\u00b7Concept"},"content":{"rendered":"","protected":false},"excerpt":{"rendered":"","protected":false},"author":3,"featured_media":9842,"parent":0,"menu_order":0,"comment_status":"closed","ping_status":"closed","template":"template-parts\/page-course-template.php","meta":{"_acf_changed":false,"_bbp_topic_count":0,"_bbp_reply_count":0,"_bbp_total_topic_count":0,"_bbp_total_reply_count":0,"_bbp_voice_count":0,"_bbp_anonymous_reply_count":0,"_bbp_topic_count_hidden":0,"_bbp_reply_count_hidden":0,"_bbp_forum_subforum_count":0,"_themeisle_gutenberg_block_has_review":false,"footnotes":""},"class_list":["post-9825","page","type-page","status-publish","has-post-thumbnail","hentry"],"acf":[],"yoast_head":"<!-- This site is optimized with the Yoast SEO plugin v27.4 - https:\/\/yoast.com\/product\/yoast-seo-wordpress\/ -->\n<title>Cours \u00e0 la formulation de recettes avec la m\u00e9thode B\u00b7Concept - Jordi Bordas \u00c9cole de P\u00e2tisserie - M\u00e9todo B\u00b7Concept<\/title>\n<meta name=\"description\" content=\"En este curso de pasteler\u00eda online aprender\u00e1s a formular tus propias recetas con el m\u00e9todo B\u00b7Concept junto con Jordi Bordas y su equipo.\" \/>\n<meta name=\"robots\" content=\"index, follow, max-snippet:-1, max-image-preview:large, max-video-preview:-1\" \/>\n<link rel=\"canonical\" href=\"https:\/\/jordibordas.com\/fr\/\" \/>\n<meta property=\"og:locale\" content=\"fr_FR\" \/>\n<meta property=\"og:type\" content=\"article\" \/>\n<meta property=\"og:title\" content=\"Cours \u00e0 la formulation de recettes avec la m\u00e9thode B\u00b7Concept - Jordi Bordas \u00c9cole de P\u00e2tisserie - M\u00e9todo B\u00b7Concept\" \/>\n<meta property=\"og:description\" content=\"En este curso de pasteler\u00eda online aprender\u00e1s a formular tus propias recetas con el m\u00e9todo B\u00b7Concept junto con Jordi Bordas y su equipo.\" \/>\n<meta property=\"og:url\" content=\"https:\/\/jordibordas.com\/fr\/\" \/>\n<meta property=\"og:site_name\" content=\"Jordi Bordas \u00c9cole de P\u00e2tisserie\" \/>\n<meta property=\"article:modified_time\" content=\"2026-02-24T10:26:36+00:00\" \/>\n<meta property=\"og:image\" content=\"https:\/\/jordibordas.com\/fr\/wp-content\/uploads\/sites\/6\/2022\/07\/formulacion-de-recetas-4-1024x683.jpg\" \/>\n\t<meta property=\"og:image:width\" content=\"1024\" \/>\n\t<meta property=\"og:image:height\" content=\"683\" \/>\n\t<meta property=\"og:image:type\" content=\"image\/jpeg\" \/>\n<meta name=\"twitter:card\" content=\"summary_large_image\" \/>\n<meta name=\"twitter:label1\" content=\"Dur\u00e9e de lecture estim\u00e9e\" \/>\n\t<meta name=\"twitter:data1\" content=\"1 minute\" \/>\n<script type=\"application\/ld+json\" class=\"yoast-schema-graph\">{\"@context\":\"https:\\\/\\\/schema.org\",\"@graph\":[{\"@type\":\"WebPage\",\"@id\":\"https:\\\/\\\/jordibordas.com\\\/fr\\\/\",\"url\":\"https:\\\/\\\/jordibordas.com\\\/fr\\\/\",\"name\":\"Cours \u00e0 la formulation de recettes avec la m\u00e9thode B\u00b7Concept - Jordi Bordas \u00c9cole de P\u00e2tisserie - M\u00e9todo B\u00b7Concept\",\"isPartOf\":{\"@id\":\"https:\\\/\\\/jordibordas.com\\\/fr\\\/#website\"},\"primaryImageOfPage\":{\"@id\":\"https:\\\/\\\/jordibordas.com\\\/fr\\\/#primaryimage\"},\"image\":{\"@id\":\"https:\\\/\\\/jordibordas.com\\\/fr\\\/#primaryimage\"},\"thumbnailUrl\":\"https:\\\/\\\/jordibordas.com\\\/fr\\\/wp-content\\\/uploads\\\/sites\\\/6\\\/2022\\\/07\\\/formulacion-de-recetas-4.jpg\",\"datePublished\":\"2022-07-14T10:25:41+00:00\",\"dateModified\":\"2026-02-24T10:26:36+00:00\",\"description\":\"En este curso de pasteler\u00eda online aprender\u00e1s a formular tus propias recetas con el m\u00e9todo B\u00b7Concept junto con Jordi Bordas y su equipo.\",\"breadcrumb\":{\"@id\":\"https:\\\/\\\/jordibordas.com\\\/fr\\\/#breadcrumb\"},\"inLanguage\":\"fr-FR\",\"potentialAction\":[{\"@type\":\"ReadAction\",\"target\":[\"https:\\\/\\\/jordibordas.com\\\/fr\\\/\"]}]},{\"@type\":\"ImageObject\",\"inLanguage\":\"fr-FR\",\"@id\":\"https:\\\/\\\/jordibordas.com\\\/fr\\\/#primaryimage\",\"url\":\"https:\\\/\\\/jordibordas.com\\\/fr\\\/wp-content\\\/uploads\\\/sites\\\/6\\\/2022\\\/07\\\/formulacion-de-recetas-4.jpg\",\"contentUrl\":\"https:\\\/\\\/jordibordas.com\\\/fr\\\/wp-content\\\/uploads\\\/sites\\\/6\\\/2022\\\/07\\\/formulacion-de-recetas-4.jpg\",\"width\":1607,\"height\":1072},{\"@type\":\"BreadcrumbList\",\"@id\":\"https:\\\/\\\/jordibordas.com\\\/fr\\\/#breadcrumb\",\"itemListElement\":[{\"@type\":\"ListItem\",\"position\":1,\"name\":\"Portada\",\"item\":\"https:\\\/\\\/jordibordas.com\\\/fr\\\/\"},{\"@type\":\"ListItem\",\"position\":2,\"name\":\"Cours \u00e0 la formulation de recettes avec la m\u00e9thode B\u00b7Concept\"}]},{\"@type\":\"WebSite\",\"@id\":\"https:\\\/\\\/jordibordas.com\\\/fr\\\/#website\",\"url\":\"https:\\\/\\\/jordibordas.com\\\/fr\\\/\",\"name\":\"Jordi Bordas \u00c9cole de P\u00e2tisserie\",\"description\":\"Innovative Pastry Education\",\"publisher\":{\"@id\":\"https:\\\/\\\/jordibordas.com\\\/fr\\\/#organization\"},\"potentialAction\":[{\"@type\":\"SearchAction\",\"target\":{\"@type\":\"EntryPoint\",\"urlTemplate\":\"https:\\\/\\\/jordibordas.com\\\/fr\\\/?s={search_term_string}\"},\"query-input\":{\"@type\":\"PropertyValueSpecification\",\"valueRequired\":true,\"valueName\":\"search_term_string\"}}],\"inLanguage\":\"fr-FR\"},{\"@type\":\"Organization\",\"@id\":\"https:\\\/\\\/jordibordas.com\\\/fr\\\/#organization\",\"name\":\"Jordi Bordas\",\"url\":\"https:\\\/\\\/jordibordas.com\\\/fr\\\/\",\"logo\":{\"@type\":\"ImageObject\",\"inLanguage\":\"fr-FR\",\"@id\":\"https:\\\/\\\/jordibordas.com\\\/fr\\\/#\\\/schema\\\/logo\\\/image\\\/\",\"url\":\"https:\\\/\\\/jordibordas.com\\\/fr\\\/wp-content\\\/uploads\\\/sites\\\/6\\\/2020\\\/11\\\/logo.svg\",\"contentUrl\":\"https:\\\/\\\/jordibordas.com\\\/fr\\\/wp-content\\\/uploads\\\/sites\\\/6\\\/2020\\\/11\\\/logo.svg\",\"width\":274,\"height\":68,\"caption\":\"Jordi Bordas\"},\"image\":{\"@id\":\"https:\\\/\\\/jordibordas.com\\\/fr\\\/#\\\/schema\\\/logo\\\/image\\\/\"}}]}<\/script>\n<!-- \/ Yoast SEO plugin. -->","yoast_head_json":{"title":"Cours \u00e0 la formulation de recettes avec la m\u00e9thode B\u00b7Concept - Jordi Bordas \u00c9cole de P\u00e2tisserie - M\u00e9todo B\u00b7Concept","description":"En este curso de pasteler\u00eda online aprender\u00e1s a formular tus propias recetas con el m\u00e9todo B\u00b7Concept junto con Jordi Bordas y su equipo.","robots":{"index":"index","follow":"follow","max-snippet":"max-snippet:-1","max-image-preview":"max-image-preview:large","max-video-preview":"max-video-preview:-1"},"canonical":"https:\/\/jordibordas.com\/fr\/","og_locale":"fr_FR","og_type":"article","og_title":"Cours \u00e0 la formulation de recettes avec la m\u00e9thode B\u00b7Concept - Jordi Bordas \u00c9cole de P\u00e2tisserie - M\u00e9todo B\u00b7Concept","og_description":"En este curso de pasteler\u00eda online aprender\u00e1s a formular tus propias recetas con el m\u00e9todo B\u00b7Concept junto con Jordi Bordas y su equipo.","og_url":"https:\/\/jordibordas.com\/fr\/","og_site_name":"Jordi Bordas \u00c9cole de P\u00e2tisserie","article_modified_time":"2026-02-24T10:26:36+00:00","og_image":[{"width":1024,"height":683,"url":"https:\/\/jordibordas.com\/fr\/wp-content\/uploads\/sites\/6\/2022\/07\/formulacion-de-recetas-4-1024x683.jpg","type":"image\/jpeg"}],"twitter_card":"summary_large_image","twitter_misc":{"Dur\u00e9e de lecture estim\u00e9e":"1 minute"},"schema":{"@context":"https:\/\/schema.org","@graph":[{"@type":"WebPage","@id":"https:\/\/jordibordas.com\/fr\/","url":"https:\/\/jordibordas.com\/fr\/","name":"Cours \u00e0 la formulation de recettes avec la m\u00e9thode B\u00b7Concept - Jordi Bordas \u00c9cole de P\u00e2tisserie - M\u00e9todo B\u00b7Concept","isPartOf":{"@id":"https:\/\/jordibordas.com\/fr\/#website"},"primaryImageOfPage":{"@id":"https:\/\/jordibordas.com\/fr\/#primaryimage"},"image":{"@id":"https:\/\/jordibordas.com\/fr\/#primaryimage"},"thumbnailUrl":"https:\/\/jordibordas.com\/fr\/wp-content\/uploads\/sites\/6\/2022\/07\/formulacion-de-recetas-4.jpg","datePublished":"2022-07-14T10:25:41+00:00","dateModified":"2026-02-24T10:26:36+00:00","description":"En este curso de pasteler\u00eda online aprender\u00e1s a formular tus propias recetas con el m\u00e9todo B\u00b7Concept junto con Jordi Bordas y su equipo.","breadcrumb":{"@id":"https:\/\/jordibordas.com\/fr\/#breadcrumb"},"inLanguage":"fr-FR","potentialAction":[{"@type":"ReadAction","target":["https:\/\/jordibordas.com\/fr\/"]}]},{"@type":"ImageObject","inLanguage":"fr-FR","@id":"https:\/\/jordibordas.com\/fr\/#primaryimage","url":"https:\/\/jordibordas.com\/fr\/wp-content\/uploads\/sites\/6\/2022\/07\/formulacion-de-recetas-4.jpg","contentUrl":"https:\/\/jordibordas.com\/fr\/wp-content\/uploads\/sites\/6\/2022\/07\/formulacion-de-recetas-4.jpg","width":1607,"height":1072},{"@type":"BreadcrumbList","@id":"https:\/\/jordibordas.com\/fr\/#breadcrumb","itemListElement":[{"@type":"ListItem","position":1,"name":"Portada","item":"https:\/\/jordibordas.com\/fr\/"},{"@type":"ListItem","position":2,"name":"Cours \u00e0 la formulation de recettes avec la m\u00e9thode B\u00b7Concept"}]},{"@type":"WebSite","@id":"https:\/\/jordibordas.com\/fr\/#website","url":"https:\/\/jordibordas.com\/fr\/","name":"Jordi Bordas \u00c9cole de P\u00e2tisserie","description":"Innovative Pastry Education","publisher":{"@id":"https:\/\/jordibordas.com\/fr\/#organization"},"potentialAction":[{"@type":"SearchAction","target":{"@type":"EntryPoint","urlTemplate":"https:\/\/jordibordas.com\/fr\/?s={search_term_string}"},"query-input":{"@type":"PropertyValueSpecification","valueRequired":true,"valueName":"search_term_string"}}],"inLanguage":"fr-FR"},{"@type":"Organization","@id":"https:\/\/jordibordas.com\/fr\/#organization","name":"Jordi Bordas","url":"https:\/\/jordibordas.com\/fr\/","logo":{"@type":"ImageObject","inLanguage":"fr-FR","@id":"https:\/\/jordibordas.com\/fr\/#\/schema\/logo\/image\/","url":"https:\/\/jordibordas.com\/fr\/wp-content\/uploads\/sites\/6\/2020\/11\/logo.svg","contentUrl":"https:\/\/jordibordas.com\/fr\/wp-content\/uploads\/sites\/6\/2020\/11\/logo.svg","width":274,"height":68,"caption":"Jordi Bordas"},"image":{"@id":"https:\/\/jordibordas.com\/fr\/#\/schema\/logo\/image\/"}}]}},"_links":{"self":[{"href":"https:\/\/jordibordas.com\/fr\/wp-json\/wp\/v2\/pages\/9825","targetHints":{"allow":["GET"]}}],"collection":[{"href":"https:\/\/jordibordas.com\/fr\/wp-json\/wp\/v2\/pages"}],"about":[{"href":"https:\/\/jordibordas.com\/fr\/wp-json\/wp\/v2\/types\/page"}],"author":[{"embeddable":true,"href":"https:\/\/jordibordas.com\/fr\/wp-json\/wp\/v2\/users\/3"}],"replies":[{"embeddable":true,"href":"https:\/\/jordibordas.com\/fr\/wp-json\/wp\/v2\/comments?post=9825"}],"version-history":[{"count":69,"href":"https:\/\/jordibordas.com\/fr\/wp-json\/wp\/v2\/pages\/9825\/revisions"}],"predecessor-version":[{"id":27149,"href":"https:\/\/jordibordas.com\/fr\/wp-json\/wp\/v2\/pages\/9825\/revisions\/27149"}],"wp:featuredmedia":[{"embeddable":true,"href":"https:\/\/jordibordas.com\/fr\/wp-json\/wp\/v2\/media\/9842"}],"wp:attachment":[{"href":"https:\/\/jordibordas.com\/fr\/wp-json\/wp\/v2\/media?parent=9825"}],"curies":[{"name":"wp","href":"https:\/\/api.w.org\/{rel}","templated":true}]}}