{"id":418,"date":"2020-11-11T08:38:58","date_gmt":"2020-11-11T08:38:58","guid":{"rendered":"https:\/\/jordibordas.com\/s\/new\/cart\/"},"modified":"2025-08-08T10:06:38","modified_gmt":"2025-08-08T08:06:38","slug":"carrito","status":"publish","type":"page","link":"https:\/\/jordibordas.com\/s\/carrito\/","title":{"rendered":"Carrito"},"content":{"rendered":"\n<p class=\"has-text-align-center has-text-color has-background\" style=\"color:#d5a678;background-color:#ffffff00;font-size:17px\"><strong>Env\u00edos gratuitos a partir de 80 \u20ac<\/strong> (en pedidos realizados en Espa\u00f1a peninsular)<\/p>\n\n\n\n<div style=\"height:15px\" aria-hidden=\"true\" class=\"wp-block-spacer\"><\/div>\n\n\n\n\n\n\n<p class=\"has-text-align-center\"><\/p>\n\n\n\n<p class=\"has-text-align-left avisocart has-background\" style=\"background-color:#f2f2f2\"><strong>Recogida y env\u00edo:<\/strong> Si eliges recogida en tienda, puedes venir de lunes a jueves de 8 a 17h o viernes de 8 a 14h. Nuestra direcci\u00f3n es: Carrer Pintor Fortuny 16, Viladecans 08840, Barcelona. (Cerrado por vacaciones del 11 al 24 de Agosto)<\/p>\n\n\n\n<p><\/p>\n\n\n\n<p><\/p>\n\n\n\n<p class=\"has-text-align-center\"><\/p>\n\n\n\n<p class=\"has-text-align-center\"><\/p>\n\n\n\n<p class=\"has-text-align-center\"><\/p>\n\n\n\n<p class=\"has-text-align-center\"><\/p>\n","protected":false},"excerpt":{"rendered":"<p>Env\u00edos gratuitos a partir de 80 \u20ac (en pedidos realizados en Espa\u00f1a peninsular) Recogida y env\u00edo: Si eliges recogida en tienda, puedes venir de lunes a jueves de 8 a 17h o viernes de 8 a 14h. Nuestra direcci\u00f3n es: Carrer Pintor Fortuny 16, Viladecans 08840, Barcelona. (Cerrado por vacaciones del 11 al 24 de [&hellip;]<\/p>\n","protected":false},"author":2,"featured_media":0,"parent":0,"menu_order":0,"comment_status":"closed","ping_status":"closed","template":"templates\/woo-page.php","meta":{"_acf_changed":false,"_themeisle_gutenberg_block_has_review":false,"footnotes":""},"class_list":["post-418","page","type-page","status-publish","hentry"],"acf":[],"yoast_head":"<!-- This site is optimized with the Yoast SEO plugin v27.4 - https:\/\/yoast.com\/product\/yoast-seo-wordpress\/ -->\n<title>Carrito - Tienda Jordi Bordas<\/title>\n<meta name=\"robots\" content=\"index, follow, max-snippet:-1, max-image-preview:large, max-video-preview:-1\" \/>\n<link rel=\"canonical\" href=\"https:\/\/jordibordas.com\/s\/carrito\/\" \/>\n<meta property=\"og:locale\" content=\"es_ES\" \/>\n<meta property=\"og:type\" content=\"article\" \/>\n<meta property=\"og:title\" content=\"Carrito - Tienda Jordi Bordas\" \/>\n<meta property=\"og:description\" content=\"Env\u00edos gratuitos a partir de 80 \u20ac (en pedidos realizados en Espa\u00f1a peninsular) Recogida y env\u00edo: Si eliges recogida en tienda, puedes venir de lunes a jueves de 8 a 17h o viernes de 8 a 14h. Nuestra direcci\u00f3n es: Carrer Pintor Fortuny 16, Viladecans 08840, Barcelona. (Cerrado por vacaciones del 11 al 24 de [&hellip;]\" \/>\n<meta property=\"og:url\" content=\"https:\/\/jordibordas.com\/s\/carrito\/\" \/>\n<meta property=\"og:site_name\" content=\"Tienda Jordi Bordas\" \/>\n<meta property=\"article:modified_time\" content=\"2025-08-08T08:06:38+00:00\" \/>\n<meta name=\"twitter:card\" content=\"summary_large_image\" \/>\n<meta name=\"twitter:label1\" content=\"Tiempo de lectura\" \/>\n\t<meta name=\"twitter:data1\" content=\"1 minuto\" \/>\n<script type=\"application\/ld+json\" class=\"yoast-schema-graph\">{\"@context\":\"https:\\\/\\\/schema.org\",\"@graph\":[{\"@type\":\"WebPage\",\"@id\":\"https:\\\/\\\/jordibordas.com\\\/s\\\/carrito\\\/\",\"url\":\"https:\\\/\\\/jordibordas.com\\\/s\\\/carrito\\\/\",\"name\":\"Carrito - Tienda Jordi Bordas\",\"isPartOf\":{\"@id\":\"https:\\\/\\\/jordibordas.com\\\/s\\\/#website\"},\"datePublished\":\"2020-11-11T08:38:58+00:00\",\"dateModified\":\"2025-08-08T08:06:38+00:00\",\"breadcrumb\":{\"@id\":\"https:\\\/\\\/jordibordas.com\\\/s\\\/carrito\\\/#breadcrumb\"},\"inLanguage\":\"es\",\"potentialAction\":[{\"@type\":\"ReadAction\",\"target\":[\"https:\\\/\\\/jordibordas.com\\\/s\\\/carrito\\\/\"]}]},{\"@type\":\"BreadcrumbList\",\"@id\":\"https:\\\/\\\/jordibordas.com\\\/s\\\/carrito\\\/#breadcrumb\",\"itemListElement\":[{\"@type\":\"ListItem\",\"position\":1,\"name\":\"Portada\",\"item\":\"https:\\\/\\\/jordibordas.com\\\/s\\\/\"},{\"@type\":\"ListItem\",\"position\":2,\"name\":\"Carrito\"}]},{\"@type\":\"WebSite\",\"@id\":\"https:\\\/\\\/jordibordas.com\\\/s\\\/#website\",\"url\":\"https:\\\/\\\/jordibordas.com\\\/s\\\/\",\"name\":\"Tienda Jordi Bordas\",\"description\":\"Innovative Pastry Education\",\"potentialAction\":[{\"@type\":\"SearchAction\",\"target\":{\"@type\":\"EntryPoint\",\"urlTemplate\":\"https:\\\/\\\/jordibordas.com\\\/s\\\/?s={search_term_string}\"},\"query-input\":{\"@type\":\"PropertyValueSpecification\",\"valueRequired\":true,\"valueName\":\"search_term_string\"}}],\"inLanguage\":\"es\"}]}<\/script>\n<!-- \/ Yoast SEO plugin. -->","yoast_head_json":{"title":"Carrito - Tienda Jordi Bordas","robots":{"index":"index","follow":"follow","max-snippet":"max-snippet:-1","max-image-preview":"max-image-preview:large","max-video-preview":"max-video-preview:-1"},"canonical":"https:\/\/jordibordas.com\/s\/carrito\/","og_locale":"es_ES","og_type":"article","og_title":"Carrito - Tienda Jordi Bordas","og_description":"Env\u00edos gratuitos a partir de 80 \u20ac (en pedidos realizados en Espa\u00f1a peninsular) Recogida y env\u00edo: Si eliges recogida en tienda, puedes venir de lunes a jueves de 8 a 17h o viernes de 8 a 14h. Nuestra direcci\u00f3n es: Carrer Pintor Fortuny 16, Viladecans 08840, Barcelona. (Cerrado por vacaciones del 11 al 24 de [&hellip;]","og_url":"https:\/\/jordibordas.com\/s\/carrito\/","og_site_name":"Tienda Jordi Bordas","article_modified_time":"2025-08-08T08:06:38+00:00","twitter_card":"summary_large_image","twitter_misc":{"Tiempo de lectura":"1 minuto"},"schema":{"@context":"https:\/\/schema.org","@graph":[{"@type":"WebPage","@id":"https:\/\/jordibordas.com\/s\/carrito\/","url":"https:\/\/jordibordas.com\/s\/carrito\/","name":"Carrito - Tienda Jordi Bordas","isPartOf":{"@id":"https:\/\/jordibordas.com\/s\/#website"},"datePublished":"2020-11-11T08:38:58+00:00","dateModified":"2025-08-08T08:06:38+00:00","breadcrumb":{"@id":"https:\/\/jordibordas.com\/s\/carrito\/#breadcrumb"},"inLanguage":"es","potentialAction":[{"@type":"ReadAction","target":["https:\/\/jordibordas.com\/s\/carrito\/"]}]},{"@type":"BreadcrumbList","@id":"https:\/\/jordibordas.com\/s\/carrito\/#breadcrumb","itemListElement":[{"@type":"ListItem","position":1,"name":"Portada","item":"https:\/\/jordibordas.com\/s\/"},{"@type":"ListItem","position":2,"name":"Carrito"}]},{"@type":"WebSite","@id":"https:\/\/jordibordas.com\/s\/#website","url":"https:\/\/jordibordas.com\/s\/","name":"Tienda Jordi Bordas","description":"Innovative Pastry Education","potentialAction":[{"@type":"SearchAction","target":{"@type":"EntryPoint","urlTemplate":"https:\/\/jordibordas.com\/s\/?s={search_term_string}"},"query-input":{"@type":"PropertyValueSpecification","valueRequired":true,"valueName":"search_term_string"}}],"inLanguage":"es"}]}},"_links":{"self":[{"href":"https:\/\/jordibordas.com\/s\/wp-json\/wp\/v2\/pages\/418","targetHints":{"allow":["GET"]}}],"collection":[{"href":"https:\/\/jordibordas.com\/s\/wp-json\/wp\/v2\/pages"}],"about":[{"href":"https:\/\/jordibordas.com\/s\/wp-json\/wp\/v2\/types\/page"}],"author":[{"embeddable":true,"href":"https:\/\/jordibordas.com\/s\/wp-json\/wp\/v2\/users\/2"}],"replies":[{"embeddable":true,"href":"https:\/\/jordibordas.com\/s\/wp-json\/wp\/v2\/comments?post=418"}],"version-history":[{"count":27,"href":"https:\/\/jordibordas.com\/s\/wp-json\/wp\/v2\/pages\/418\/revisions"}],"predecessor-version":[{"id":11986,"href":"https:\/\/jordibordas.com\/s\/wp-json\/wp\/v2\/pages\/418\/revisions\/11986"}],"wp:attachment":[{"href":"https:\/\/jordibordas.com\/s\/wp-json\/wp\/v2\/media?parent=418"}],"curies":[{"name":"wp","href":"https:\/\/api.w.org\/{rel}","templated":true}]}}