{"id":4429,"date":"2021-06-21T21:57:14","date_gmt":"2021-06-21T21:57:14","guid":{"rendered":"https:\/\/jordibordas.com\/s\/?post_type=product&#038;p=4429"},"modified":"2023-09-14T11:36:54","modified_gmt":"2023-09-14T09:36:54","slug":"libro-pasteleria-mas-saludable-ligera-y-sabrosa","status":"publish","type":"product","link":"https:\/\/jordibordas.com\/s\/producto\/libro-pasteleria-mas-saludable-ligera-y-sabrosa\/","title":{"rendered":"Libro Pasteler\u00eda m\u00e1s saludable, ligera y sabrosa"},"content":{"rendered":"<h1>Libro Pasteler\u00eda m\u00e1s saludable, ligera y sabrosa<\/h1>\n<p><em>210 p\u00e1ginas | tama\u00f1o 24 x 29 cm | idiomas: en espa\u00f1ol o ingl\u00e9s<\/em><\/p>\n<p>Con este libro de recetas de Jordi Bordas aprender\u00e1s a elaborar una colecci\u00f3n de productos de pasteler\u00eda m\u00e1s saludables, ligeros y sabrosos; desde desayunos y meriendas hasta tartas con diferentes texturas, pasando por postres, tartaletas y cakes de viaje. Convierte esa ocasi\u00f3n especial en una oportunidad para disfrutar y cuidarte al mismo tiempo.<\/p>\n<p>Se trata de un libro ideal para todas aquellas personas aficionadas a la pasteler\u00eda, as\u00ed como para aquellas que trabajan profesionalmente en el sector, pero desean descubrir una visi\u00f3n diferente del recetario tradicional. <a href=\"https:\/\/jordibordas.com\/s\/wp-content\/uploads\/sites\/3\/2021\/10\/Alergenos-y-distintivos-Pasteleria-saludable-ligera-y-sabrosa.pdf\"><span style=\"color: #d5a678;\"><strong>Descarga la tabla de al\u00e9rgenos y distintivos de dietas especiales<\/strong><\/span><\/a><\/p>\n<p><strong>Selecciona el idioma del libro y a\u00f1ade al carrito:<\/strong><\/p>\n","protected":false},"excerpt":{"rendered":"<p>Libro de recetas de pasteler\u00eda m\u00e1s saludables, ligeras y sabrosas<\/p>\n","protected":false},"featured_media":8804,"template":"","meta":{"_acf_changed":false,"_themeisle_gutenberg_block_has_review":false},"product_brand":[],"product_cat":[113],"product_tag":[],"class_list":{"0":"post-4429","1":"product","2":"type-product","3":"status-publish","4":"has-post-thumbnail","6":"product_cat-libros","7":"product_shipping_class-normal","9":"first","10":"instock","11":"taxable","12":"shipping-taxable","13":"purchasable","14":"product-type-variable"},"acf":[],"yoast_head":"<!-- This site is optimized with the Yoast SEO plugin v27.3 - https:\/\/yoast.com\/product\/yoast-seo-wordpress\/ -->\n<title>Libro Pasteler\u00eda m\u00e1s saludable, ligera y sabrosa - Tienda Jordi Bordas<\/title>\n<meta name=\"description\" content=\"Con este libro de recetas de Jordi Bordas aprender\u00e1s a elaborar una colecci\u00f3n de productos de pasteler\u00eda m\u00e1s saludables, ligeros y sabrosos.\" \/>\n<meta name=\"robots\" content=\"index, follow, max-snippet:-1, max-image-preview:large, max-video-preview:-1\" \/>\n<link rel=\"canonical\" href=\"https:\/\/jordibordas.com\/s\/producto\/libro-pasteleria-mas-saludable-ligera-y-sabrosa\/\" \/>\n<meta property=\"og:locale\" content=\"es_ES\" \/>\n<meta property=\"og:type\" content=\"article\" \/>\n<meta property=\"og:title\" content=\"Libro Pasteler\u00eda m\u00e1s saludable, ligera y sabrosa - Tienda Jordi Bordas\" \/>\n<meta property=\"og:description\" content=\"Con este libro de recetas de Jordi Bordas aprender\u00e1s a elaborar una colecci\u00f3n de productos de pasteler\u00eda m\u00e1s saludables, ligeros y sabrosos.\" \/>\n<meta property=\"og:url\" content=\"https:\/\/jordibordas.com\/s\/producto\/libro-pasteleria-mas-saludable-ligera-y-sabrosa\/\" \/>\n<meta property=\"og:site_name\" content=\"Tienda Jordi Bordas\" \/>\n<meta property=\"article:modified_time\" content=\"2023-09-14T09:36:54+00:00\" \/>\n<meta property=\"og:image\" content=\"https:\/\/jordibordas.com\/s\/wp-content\/uploads\/sites\/3\/2021\/06\/Libro-pasteleria-mas-saludable-jordi-bordas.jpg\" \/>\n\t<meta property=\"og:image:width\" content=\"1000\" \/>\n\t<meta property=\"og:image:height\" content=\"1000\" \/>\n\t<meta property=\"og:image:type\" content=\"image\/jpeg\" \/>\n<meta name=\"twitter:card\" content=\"summary_large_image\" \/>\n<meta name=\"twitter:label1\" content=\"Tiempo de lectura\" \/>\n\t<meta name=\"twitter:data1\" content=\"1 minuto\" \/>\n<script type=\"application\/ld+json\" class=\"yoast-schema-graph\">{\"@context\":\"https:\\\/\\\/schema.org\",\"@graph\":[{\"@type\":\"WebPage\",\"@id\":\"https:\\\/\\\/jordibordas.com\\\/s\\\/producto\\\/libro-pasteleria-mas-saludable-ligera-y-sabrosa\\\/\",\"url\":\"https:\\\/\\\/jordibordas.com\\\/s\\\/producto\\\/libro-pasteleria-mas-saludable-ligera-y-sabrosa\\\/\",\"name\":\"Libro Pasteler\u00eda m\u00e1s saludable, ligera y sabrosa - Tienda Jordi Bordas\",\"isPartOf\":{\"@id\":\"https:\\\/\\\/jordibordas.com\\\/s\\\/#website\"},\"primaryImageOfPage\":{\"@id\":\"https:\\\/\\\/jordibordas.com\\\/s\\\/producto\\\/libro-pasteleria-mas-saludable-ligera-y-sabrosa\\\/#primaryimage\"},\"image\":{\"@id\":\"https:\\\/\\\/jordibordas.com\\\/s\\\/producto\\\/libro-pasteleria-mas-saludable-ligera-y-sabrosa\\\/#primaryimage\"},\"thumbnailUrl\":\"https:\\\/\\\/jordibordas.com\\\/s\\\/wp-content\\\/uploads\\\/sites\\\/3\\\/2021\\\/06\\\/Libro-pasteleria-mas-saludable-jordi-bordas.jpg\",\"datePublished\":\"2021-06-21T21:57:14+00:00\",\"dateModified\":\"2023-09-14T09:36:54+00:00\",\"description\":\"Con este libro de recetas de Jordi Bordas aprender\u00e1s a elaborar una colecci\u00f3n de productos de pasteler\u00eda m\u00e1s saludables, ligeros y sabrosos.\",\"breadcrumb\":{\"@id\":\"https:\\\/\\\/jordibordas.com\\\/s\\\/producto\\\/libro-pasteleria-mas-saludable-ligera-y-sabrosa\\\/#breadcrumb\"},\"inLanguage\":\"es\",\"potentialAction\":[{\"@type\":\"ReadAction\",\"target\":[\"https:\\\/\\\/jordibordas.com\\\/s\\\/producto\\\/libro-pasteleria-mas-saludable-ligera-y-sabrosa\\\/\"]}]},{\"@type\":\"ImageObject\",\"inLanguage\":\"es\",\"@id\":\"https:\\\/\\\/jordibordas.com\\\/s\\\/producto\\\/libro-pasteleria-mas-saludable-ligera-y-sabrosa\\\/#primaryimage\",\"url\":\"https:\\\/\\\/jordibordas.com\\\/s\\\/wp-content\\\/uploads\\\/sites\\\/3\\\/2021\\\/06\\\/Libro-pasteleria-mas-saludable-jordi-bordas.jpg\",\"contentUrl\":\"https:\\\/\\\/jordibordas.com\\\/s\\\/wp-content\\\/uploads\\\/sites\\\/3\\\/2021\\\/06\\\/Libro-pasteleria-mas-saludable-jordi-bordas.jpg\",\"width\":1000,\"height\":1000},{\"@type\":\"BreadcrumbList\",\"@id\":\"https:\\\/\\\/jordibordas.com\\\/s\\\/producto\\\/libro-pasteleria-mas-saludable-ligera-y-sabrosa\\\/#breadcrumb\",\"itemListElement\":[{\"@type\":\"ListItem\",\"position\":1,\"name\":\"Portada\",\"item\":\"https:\\\/\\\/jordibordas.com\\\/s\\\/\"},{\"@type\":\"ListItem\",\"position\":2,\"name\":\"Libro Pasteler\u00eda m\u00e1s saludable, ligera y sabrosa\"}]},{\"@type\":\"WebSite\",\"@id\":\"https:\\\/\\\/jordibordas.com\\\/s\\\/#website\",\"url\":\"https:\\\/\\\/jordibordas.com\\\/s\\\/\",\"name\":\"Tienda Jordi Bordas\",\"description\":\"Innovative Pastry Education\",\"potentialAction\":[{\"@type\":\"SearchAction\",\"target\":{\"@type\":\"EntryPoint\",\"urlTemplate\":\"https:\\\/\\\/jordibordas.com\\\/s\\\/?s={search_term_string}\"},\"query-input\":{\"@type\":\"PropertyValueSpecification\",\"valueRequired\":true,\"valueName\":\"search_term_string\"}}],\"inLanguage\":\"es\"}]}<\/script>\n<!-- \/ Yoast SEO plugin. -->","yoast_head_json":{"title":"Libro Pasteler\u00eda m\u00e1s saludable, ligera y sabrosa - Tienda Jordi Bordas","description":"Con este libro de recetas de Jordi Bordas aprender\u00e1s a elaborar una colecci\u00f3n de productos de pasteler\u00eda m\u00e1s saludables, ligeros y sabrosos.","robots":{"index":"index","follow":"follow","max-snippet":"max-snippet:-1","max-image-preview":"max-image-preview:large","max-video-preview":"max-video-preview:-1"},"canonical":"https:\/\/jordibordas.com\/s\/producto\/libro-pasteleria-mas-saludable-ligera-y-sabrosa\/","og_locale":"es_ES","og_type":"article","og_title":"Libro Pasteler\u00eda m\u00e1s saludable, ligera y sabrosa - Tienda Jordi Bordas","og_description":"Con este libro de recetas de Jordi Bordas aprender\u00e1s a elaborar una colecci\u00f3n de productos de pasteler\u00eda m\u00e1s saludables, ligeros y sabrosos.","og_url":"https:\/\/jordibordas.com\/s\/producto\/libro-pasteleria-mas-saludable-ligera-y-sabrosa\/","og_site_name":"Tienda Jordi Bordas","article_modified_time":"2023-09-14T09:36:54+00:00","og_image":[{"width":1000,"height":1000,"url":"https:\/\/jordibordas.com\/s\/wp-content\/uploads\/sites\/3\/2021\/06\/Libro-pasteleria-mas-saludable-jordi-bordas.jpg","type":"image\/jpeg"}],"twitter_card":"summary_large_image","twitter_misc":{"Tiempo de lectura":"1 minuto"},"schema":{"@context":"https:\/\/schema.org","@graph":[{"@type":"WebPage","@id":"https:\/\/jordibordas.com\/s\/producto\/libro-pasteleria-mas-saludable-ligera-y-sabrosa\/","url":"https:\/\/jordibordas.com\/s\/producto\/libro-pasteleria-mas-saludable-ligera-y-sabrosa\/","name":"Libro Pasteler\u00eda m\u00e1s saludable, ligera y sabrosa - Tienda Jordi Bordas","isPartOf":{"@id":"https:\/\/jordibordas.com\/s\/#website"},"primaryImageOfPage":{"@id":"https:\/\/jordibordas.com\/s\/producto\/libro-pasteleria-mas-saludable-ligera-y-sabrosa\/#primaryimage"},"image":{"@id":"https:\/\/jordibordas.com\/s\/producto\/libro-pasteleria-mas-saludable-ligera-y-sabrosa\/#primaryimage"},"thumbnailUrl":"https:\/\/jordibordas.com\/s\/wp-content\/uploads\/sites\/3\/2021\/06\/Libro-pasteleria-mas-saludable-jordi-bordas.jpg","datePublished":"2021-06-21T21:57:14+00:00","dateModified":"2023-09-14T09:36:54+00:00","description":"Con este libro de recetas de Jordi Bordas aprender\u00e1s a elaborar una colecci\u00f3n de productos de pasteler\u00eda m\u00e1s saludables, ligeros y sabrosos.","breadcrumb":{"@id":"https:\/\/jordibordas.com\/s\/producto\/libro-pasteleria-mas-saludable-ligera-y-sabrosa\/#breadcrumb"},"inLanguage":"es","potentialAction":[{"@type":"ReadAction","target":["https:\/\/jordibordas.com\/s\/producto\/libro-pasteleria-mas-saludable-ligera-y-sabrosa\/"]}]},{"@type":"ImageObject","inLanguage":"es","@id":"https:\/\/jordibordas.com\/s\/producto\/libro-pasteleria-mas-saludable-ligera-y-sabrosa\/#primaryimage","url":"https:\/\/jordibordas.com\/s\/wp-content\/uploads\/sites\/3\/2021\/06\/Libro-pasteleria-mas-saludable-jordi-bordas.jpg","contentUrl":"https:\/\/jordibordas.com\/s\/wp-content\/uploads\/sites\/3\/2021\/06\/Libro-pasteleria-mas-saludable-jordi-bordas.jpg","width":1000,"height":1000},{"@type":"BreadcrumbList","@id":"https:\/\/jordibordas.com\/s\/producto\/libro-pasteleria-mas-saludable-ligera-y-sabrosa\/#breadcrumb","itemListElement":[{"@type":"ListItem","position":1,"name":"Portada","item":"https:\/\/jordibordas.com\/s\/"},{"@type":"ListItem","position":2,"name":"Libro Pasteler\u00eda m\u00e1s saludable, ligera y sabrosa"}]},{"@type":"WebSite","@id":"https:\/\/jordibordas.com\/s\/#website","url":"https:\/\/jordibordas.com\/s\/","name":"Tienda Jordi Bordas","description":"Innovative Pastry Education","potentialAction":[{"@type":"SearchAction","target":{"@type":"EntryPoint","urlTemplate":"https:\/\/jordibordas.com\/s\/?s={search_term_string}"},"query-input":{"@type":"PropertyValueSpecification","valueRequired":true,"valueName":"search_term_string"}}],"inLanguage":"es"}]}},"_links":{"self":[{"href":"https:\/\/jordibordas.com\/s\/wp-json\/wp\/v2\/product\/4429","targetHints":{"allow":["GET"]}}],"collection":[{"href":"https:\/\/jordibordas.com\/s\/wp-json\/wp\/v2\/product"}],"about":[{"href":"https:\/\/jordibordas.com\/s\/wp-json\/wp\/v2\/types\/product"}],"wp:featuredmedia":[{"embeddable":true,"href":"https:\/\/jordibordas.com\/s\/wp-json\/wp\/v2\/media\/8804"}],"wp:attachment":[{"href":"https:\/\/jordibordas.com\/s\/wp-json\/wp\/v2\/media?parent=4429"}],"wp:term":[{"taxonomy":"product_brand","embeddable":true,"href":"https:\/\/jordibordas.com\/s\/wp-json\/wp\/v2\/product_brand?post=4429"},{"taxonomy":"product_cat","embeddable":true,"href":"https:\/\/jordibordas.com\/s\/wp-json\/wp\/v2\/product_cat?post=4429"},{"taxonomy":"product_tag","embeddable":true,"href":"https:\/\/jordibordas.com\/s\/wp-json\/wp\/v2\/product_tag?post=4429"}],"curies":[{"name":"wp","href":"https:\/\/api.w.org\/{rel}","templated":true}]}}