{"id":5898,"date":"2021-12-15T17:51:32","date_gmt":"2021-12-15T16:51:32","guid":{"rendered":"https:\/\/jordibordas.com\/s\/?post_type=product&#038;p=5898"},"modified":"2023-12-20T17:52:16","modified_gmt":"2023-12-20T16:52:16","slug":"panettone-de-choco","status":"publish","type":"product","link":"https:\/\/jordibordas.com\/s\/producto\/panettone-de-choco\/","title":{"rendered":"Panettone de chocolate grande"},"content":{"rendered":"<h4><span style=\"color: #683c11\">PANETTONE DE CHOCOLATE NEGRO<\/span><\/h4>\n<p><span style=\"color: #683c11\">Panettone con chocolate negro 70 %<\/span><\/p>\n<p>Elaboramos todos nuestros Panettone con mantequilla francesa, az\u00facar, az\u00facar de coco ecol\u00f3gico, vainilla de Madagascar y un toque de aceite de oliva virgen extra.<\/p>\n<p>Para la variedad de chocolate utilizamos cobertura negra del 70 %, de comercio justo y de origen certificado de Ghana. Lo cubrimos con deliciosas avellanas de Reus.<\/p>\n<p>Seguimos un proceso artesanal y minucioso para elaborar nuestros Panettone. Utilizamos diferentes fermentaciones para desarrollar todo su sabor, aroma y matices, y los cocemos en nuestros hornos de m\u00e1s de 50 a\u00f1os.<\/p>\n<p>1180 g<\/p>\n<h6><span style=\"color: #808080\">Contiene: cereales con gluten (trigo), leche, huevo y frutos secos (avellana). Puede contener trazas de otros cereales con gluten y frutos secos.<\/span><\/h6>\n","protected":false},"excerpt":{"rendered":"<p>Panettone de chocolate negro del 60 %, de comercio justo y de origen certificado de Ghana<\/p>\n","protected":false},"featured_media":9063,"template":"","meta":{"_acf_changed":false,"_themeisle_gutenberg_block_has_review":false},"product_brand":[],"product_cat":[103],"product_tag":[],"class_list":{"0":"post-5898","1":"product","2":"type-product","3":"status-publish","4":"has-post-thumbnail","6":"product_cat-panettone","7":"product_shipping_class-normal-n","9":"first","10":"outofstock","11":"taxable","12":"shipping-taxable","13":"purchasable","14":"product-type-simple"},"acf":[],"yoast_head":"<!-- This site is optimized with the Yoast SEO plugin v27.4 - https:\/\/yoast.com\/product\/yoast-seo-wordpress\/ -->\n<title>Panettone de chocolate grande - Tienda Jordi Bordas<\/title>\n<meta name=\"description\" content=\"Elaboramos nuestros Panettone con mantequilla francesa, az\u00facar de coco ecol\u00f3gico, panela, vainilla de Madagascar y un toque de aceite de oliva virgen extra.\" \/>\n<meta name=\"robots\" content=\"index, follow, max-snippet:-1, max-image-preview:large, max-video-preview:-1\" \/>\n<link rel=\"canonical\" href=\"https:\/\/jordibordas.com\/s\/producto\/panettone-de-choco\/\" \/>\n<meta property=\"og:locale\" content=\"es_ES\" \/>\n<meta property=\"og:type\" content=\"article\" \/>\n<meta property=\"og:title\" content=\"Panettone de chocolate grande - Tienda Jordi Bordas\" \/>\n<meta property=\"og:description\" content=\"Elaboramos nuestros Panettone con mantequilla francesa, az\u00facar de coco ecol\u00f3gico, panela, vainilla de Madagascar y un toque de aceite de oliva virgen extra.\" \/>\n<meta property=\"og:url\" content=\"https:\/\/jordibordas.com\/s\/producto\/panettone-de-choco\/\" \/>\n<meta property=\"og:site_name\" content=\"Tienda Jordi Bordas\" \/>\n<meta property=\"article:modified_time\" content=\"2023-12-20T16:52:16+00:00\" \/>\n<meta property=\"og:image\" content=\"https:\/\/jordibordas.com\/s\/wp-content\/uploads\/sites\/3\/2021\/12\/Panettone-Choco-fondo-1.jpg\" \/>\n\t<meta property=\"og:image:width\" content=\"1000\" \/>\n\t<meta property=\"og:image:height\" content=\"1000\" \/>\n\t<meta property=\"og:image:type\" content=\"image\/jpeg\" \/>\n<meta name=\"twitter:card\" content=\"summary_large_image\" \/>\n<meta name=\"twitter:label1\" content=\"Tiempo de lectura\" \/>\n\t<meta name=\"twitter:data1\" content=\"1 minuto\" \/>\n<script type=\"application\/ld+json\" class=\"yoast-schema-graph\">{\"@context\":\"https:\\\/\\\/schema.org\",\"@graph\":[{\"@type\":\"WebPage\",\"@id\":\"https:\\\/\\\/jordibordas.com\\\/s\\\/producto\\\/panettone-de-choco\\\/\",\"url\":\"https:\\\/\\\/jordibordas.com\\\/s\\\/producto\\\/panettone-de-choco\\\/\",\"name\":\"Panettone de chocolate grande - Tienda Jordi Bordas\",\"isPartOf\":{\"@id\":\"https:\\\/\\\/jordibordas.com\\\/s\\\/#website\"},\"primaryImageOfPage\":{\"@id\":\"https:\\\/\\\/jordibordas.com\\\/s\\\/producto\\\/panettone-de-choco\\\/#primaryimage\"},\"image\":{\"@id\":\"https:\\\/\\\/jordibordas.com\\\/s\\\/producto\\\/panettone-de-choco\\\/#primaryimage\"},\"thumbnailUrl\":\"https:\\\/\\\/jordibordas.com\\\/s\\\/wp-content\\\/uploads\\\/sites\\\/3\\\/2021\\\/12\\\/Panettone-Choco-fondo-1.jpg\",\"datePublished\":\"2021-12-15T16:51:32+00:00\",\"dateModified\":\"2023-12-20T16:52:16+00:00\",\"description\":\"Elaboramos nuestros Panettone con mantequilla francesa, az\u00facar de coco ecol\u00f3gico, panela, vainilla de Madagascar y un toque de aceite de oliva virgen extra.\",\"breadcrumb\":{\"@id\":\"https:\\\/\\\/jordibordas.com\\\/s\\\/producto\\\/panettone-de-choco\\\/#breadcrumb\"},\"inLanguage\":\"es\",\"potentialAction\":[{\"@type\":\"ReadAction\",\"target\":[\"https:\\\/\\\/jordibordas.com\\\/s\\\/producto\\\/panettone-de-choco\\\/\"]}]},{\"@type\":\"ImageObject\",\"inLanguage\":\"es\",\"@id\":\"https:\\\/\\\/jordibordas.com\\\/s\\\/producto\\\/panettone-de-choco\\\/#primaryimage\",\"url\":\"https:\\\/\\\/jordibordas.com\\\/s\\\/wp-content\\\/uploads\\\/sites\\\/3\\\/2021\\\/12\\\/Panettone-Choco-fondo-1.jpg\",\"contentUrl\":\"https:\\\/\\\/jordibordas.com\\\/s\\\/wp-content\\\/uploads\\\/sites\\\/3\\\/2021\\\/12\\\/Panettone-Choco-fondo-1.jpg\",\"width\":1000,\"height\":1000},{\"@type\":\"BreadcrumbList\",\"@id\":\"https:\\\/\\\/jordibordas.com\\\/s\\\/producto\\\/panettone-de-choco\\\/#breadcrumb\",\"itemListElement\":[{\"@type\":\"ListItem\",\"position\":1,\"name\":\"Portada\",\"item\":\"https:\\\/\\\/jordibordas.com\\\/s\\\/\"},{\"@type\":\"ListItem\",\"position\":2,\"name\":\"Panettone de chocolate grande\"}]},{\"@type\":\"WebSite\",\"@id\":\"https:\\\/\\\/jordibordas.com\\\/s\\\/#website\",\"url\":\"https:\\\/\\\/jordibordas.com\\\/s\\\/\",\"name\":\"Tienda Jordi Bordas\",\"description\":\"Innovative Pastry Education\",\"potentialAction\":[{\"@type\":\"SearchAction\",\"target\":{\"@type\":\"EntryPoint\",\"urlTemplate\":\"https:\\\/\\\/jordibordas.com\\\/s\\\/?s={search_term_string}\"},\"query-input\":{\"@type\":\"PropertyValueSpecification\",\"valueRequired\":true,\"valueName\":\"search_term_string\"}}],\"inLanguage\":\"es\"}]}<\/script>\n<!-- \/ Yoast SEO plugin. -->","yoast_head_json":{"title":"Panettone de chocolate grande - Tienda Jordi Bordas","description":"Elaboramos nuestros Panettone con mantequilla francesa, az\u00facar de coco ecol\u00f3gico, panela, vainilla de Madagascar y un toque de aceite de oliva virgen extra.","robots":{"index":"index","follow":"follow","max-snippet":"max-snippet:-1","max-image-preview":"max-image-preview:large","max-video-preview":"max-video-preview:-1"},"canonical":"https:\/\/jordibordas.com\/s\/producto\/panettone-de-choco\/","og_locale":"es_ES","og_type":"article","og_title":"Panettone de chocolate grande - Tienda Jordi Bordas","og_description":"Elaboramos nuestros Panettone con mantequilla francesa, az\u00facar de coco ecol\u00f3gico, panela, vainilla de Madagascar y un toque de aceite de oliva virgen extra.","og_url":"https:\/\/jordibordas.com\/s\/producto\/panettone-de-choco\/","og_site_name":"Tienda Jordi Bordas","article_modified_time":"2023-12-20T16:52:16+00:00","og_image":[{"width":1000,"height":1000,"url":"https:\/\/jordibordas.com\/s\/wp-content\/uploads\/sites\/3\/2021\/12\/Panettone-Choco-fondo-1.jpg","type":"image\/jpeg"}],"twitter_card":"summary_large_image","twitter_misc":{"Tiempo de lectura":"1 minuto"},"schema":{"@context":"https:\/\/schema.org","@graph":[{"@type":"WebPage","@id":"https:\/\/jordibordas.com\/s\/producto\/panettone-de-choco\/","url":"https:\/\/jordibordas.com\/s\/producto\/panettone-de-choco\/","name":"Panettone de chocolate grande - Tienda Jordi Bordas","isPartOf":{"@id":"https:\/\/jordibordas.com\/s\/#website"},"primaryImageOfPage":{"@id":"https:\/\/jordibordas.com\/s\/producto\/panettone-de-choco\/#primaryimage"},"image":{"@id":"https:\/\/jordibordas.com\/s\/producto\/panettone-de-choco\/#primaryimage"},"thumbnailUrl":"https:\/\/jordibordas.com\/s\/wp-content\/uploads\/sites\/3\/2021\/12\/Panettone-Choco-fondo-1.jpg","datePublished":"2021-12-15T16:51:32+00:00","dateModified":"2023-12-20T16:52:16+00:00","description":"Elaboramos nuestros Panettone con mantequilla francesa, az\u00facar de coco ecol\u00f3gico, panela, vainilla de Madagascar y un toque de aceite de oliva virgen extra.","breadcrumb":{"@id":"https:\/\/jordibordas.com\/s\/producto\/panettone-de-choco\/#breadcrumb"},"inLanguage":"es","potentialAction":[{"@type":"ReadAction","target":["https:\/\/jordibordas.com\/s\/producto\/panettone-de-choco\/"]}]},{"@type":"ImageObject","inLanguage":"es","@id":"https:\/\/jordibordas.com\/s\/producto\/panettone-de-choco\/#primaryimage","url":"https:\/\/jordibordas.com\/s\/wp-content\/uploads\/sites\/3\/2021\/12\/Panettone-Choco-fondo-1.jpg","contentUrl":"https:\/\/jordibordas.com\/s\/wp-content\/uploads\/sites\/3\/2021\/12\/Panettone-Choco-fondo-1.jpg","width":1000,"height":1000},{"@type":"BreadcrumbList","@id":"https:\/\/jordibordas.com\/s\/producto\/panettone-de-choco\/#breadcrumb","itemListElement":[{"@type":"ListItem","position":1,"name":"Portada","item":"https:\/\/jordibordas.com\/s\/"},{"@type":"ListItem","position":2,"name":"Panettone de chocolate grande"}]},{"@type":"WebSite","@id":"https:\/\/jordibordas.com\/s\/#website","url":"https:\/\/jordibordas.com\/s\/","name":"Tienda Jordi Bordas","description":"Innovative Pastry Education","potentialAction":[{"@type":"SearchAction","target":{"@type":"EntryPoint","urlTemplate":"https:\/\/jordibordas.com\/s\/?s={search_term_string}"},"query-input":{"@type":"PropertyValueSpecification","valueRequired":true,"valueName":"search_term_string"}}],"inLanguage":"es"}]}},"_links":{"self":[{"href":"https:\/\/jordibordas.com\/s\/wp-json\/wp\/v2\/product\/5898","targetHints":{"allow":["GET"]}}],"collection":[{"href":"https:\/\/jordibordas.com\/s\/wp-json\/wp\/v2\/product"}],"about":[{"href":"https:\/\/jordibordas.com\/s\/wp-json\/wp\/v2\/types\/product"}],"wp:featuredmedia":[{"embeddable":true,"href":"https:\/\/jordibordas.com\/s\/wp-json\/wp\/v2\/media\/9063"}],"wp:attachment":[{"href":"https:\/\/jordibordas.com\/s\/wp-json\/wp\/v2\/media?parent=5898"}],"wp:term":[{"taxonomy":"product_brand","embeddable":true,"href":"https:\/\/jordibordas.com\/s\/wp-json\/wp\/v2\/product_brand?post=5898"},{"taxonomy":"product_cat","embeddable":true,"href":"https:\/\/jordibordas.com\/s\/wp-json\/wp\/v2\/product_cat?post=5898"},{"taxonomy":"product_tag","embeddable":true,"href":"https:\/\/jordibordas.com\/s\/wp-json\/wp\/v2\/product_tag?post=5898"}],"curies":[{"name":"wp","href":"https:\/\/api.w.org\/{rel}","templated":true}]}}