{"id":6862,"date":"2022-06-20T17:15:02","date_gmt":"2022-06-20T15:15:02","guid":{"rendered":"https:\/\/jordibordas.com\/s\/?post_type=product&#038;p=6862"},"modified":"2025-02-28T08:20:21","modified_gmt":"2025-02-28T07:20:21","slug":"chocoemotion-47","status":"publish","type":"product","link":"https:\/\/jordibordas.com\/s\/producto\/chocoemotion-47\/","title":{"rendered":"ChocoEmotion 47 %"},"content":{"rendered":"<h4><span style=\"color: #333333\">CHOCOEMOTION 47 %<\/span><\/h4>\n<p><em><span style=\"color: #333333\">con Bifidobacterium y Lactobacillus<\/span><\/em><\/p>\n<p><img loading=\"lazy\" decoding=\"async\" class=\"alignnone size-full wp-image-5807\" src=\"https:\/\/www.jordibordas.com\/tienda\/wp-content\/uploads\/sites\/3\/2021\/12\/Recurso-7.png\" alt=\"Recurso 7\" width=\"183\" height=\"54\" \/><\/p>\n<p>La colecci\u00f3n in\u00e9dita di&amp;vi ha sido creada por el psiconeuroinmun\u00f3logo <strong>Xevi Verdaguer<\/strong>\u00a0y el Campe\u00f3n del Mundo de Pasteler\u00eda\u00a0<strong>Jordi Bordas<\/strong>. Profesionales de la salud y la gastronom\u00eda que han trabajado mano a mano para desarrollar cada receta, garantizando su\u00a0<strong>calidad nutricional, sabor y textura<\/strong>.<\/p>\n<p>La variedad\u00a0<strong>ChocoEmotion 47 %<\/strong>\u00a0est\u00e1 elaborada con cacao, fibras solubles, bebida de coco, nibs de cacao,\u00a0<em>Bifidobacterium longum<\/em>\u00a0y\u00a0<em>Lactobacillus rhamnosus<\/em>. Destaca por un notable sabor a cacao y un sutil aroma de coco. Los nibs le confieren una textura especial y crujiente muy agradable en el paladar.<\/p>\n<p>&nbsp;<\/p>\n<hr \/>\n<p>100 g<\/p>\n<h6>Puede contener trazas de frutos de c\u00e1scara, huevo, soja, productos l\u00e1cteos, gluten y sulfitos.<\/h6>\n<p>&nbsp;<\/p>\n","protected":false},"excerpt":{"rendered":"<p>Destaca por un notable sabor a cacao y un sutil aroma de coco. Los nibs le confieren una textura especial y crujiente muy agradable en el paladar.<\/p>\n","protected":false},"featured_media":8821,"template":"","meta":{"_acf_changed":false,"_themeisle_gutenberg_block_has_review":false},"product_brand":[],"product_cat":[114],"product_tag":[],"class_list":{"0":"post-6862","1":"product","2":"type-product","3":"status-publish","4":"has-post-thumbnail","6":"product_cat-chocolates-divi","7":"product_shipping_class-normal-n","9":"first","10":"outofstock","11":"taxable","12":"shipping-taxable","13":"purchasable","14":"product-type-simple"},"acf":[],"yoast_head":"<!-- This site is optimized with the Yoast SEO plugin v27.4 - https:\/\/yoast.com\/product\/yoast-seo-wordpress\/ -->\n<title>ChocoEmotion 47 % - Jordi Bordas<\/title>\n<meta name=\"description\" content=\"Este chocolate est\u00e1 elaborado con cacao, fibras solubles, bebida de coco, nibs de cacao y probi\u00f3ticos.\" \/>\n<meta name=\"robots\" content=\"index, follow, max-snippet:-1, max-image-preview:large, max-video-preview:-1\" \/>\n<link rel=\"canonical\" href=\"https:\/\/jordibordas.com\/s\/producto\/chocoemotion-47\/\" \/>\n<meta property=\"og:locale\" content=\"es_ES\" \/>\n<meta property=\"og:type\" content=\"article\" \/>\n<meta property=\"og:title\" content=\"ChocoEmotion 47 % - Jordi Bordas\" \/>\n<meta property=\"og:description\" content=\"Este chocolate est\u00e1 elaborado con cacao, fibras solubles, bebida de coco, nibs de cacao y probi\u00f3ticos.\" \/>\n<meta property=\"og:url\" content=\"https:\/\/jordibordas.com\/s\/producto\/chocoemotion-47\/\" \/>\n<meta property=\"og:site_name\" content=\"Tienda Jordi Bordas\" \/>\n<meta property=\"article:modified_time\" content=\"2025-02-28T07:20:21+00:00\" \/>\n<meta property=\"og:image\" content=\"https:\/\/jordibordas.com\/s\/wp-content\/uploads\/sites\/3\/2022\/06\/Chocoemotion47-fondo.jpg\" \/>\n\t<meta property=\"og:image:width\" content=\"1000\" \/>\n\t<meta property=\"og:image:height\" content=\"1000\" \/>\n\t<meta property=\"og:image:type\" content=\"image\/jpeg\" \/>\n<meta name=\"twitter:card\" content=\"summary_large_image\" \/>\n<meta name=\"twitter:label1\" content=\"Tiempo de lectura\" \/>\n\t<meta name=\"twitter:data1\" content=\"1 minuto\" \/>\n<script type=\"application\/ld+json\" class=\"yoast-schema-graph\">{\"@context\":\"https:\\\/\\\/schema.org\",\"@graph\":[{\"@type\":\"WebPage\",\"@id\":\"https:\\\/\\\/jordibordas.com\\\/s\\\/producto\\\/chocoemotion-47\\\/\",\"url\":\"https:\\\/\\\/jordibordas.com\\\/s\\\/producto\\\/chocoemotion-47\\\/\",\"name\":\"ChocoEmotion 47 % - Jordi Bordas\",\"isPartOf\":{\"@id\":\"https:\\\/\\\/jordibordas.com\\\/s\\\/#website\"},\"primaryImageOfPage\":{\"@id\":\"https:\\\/\\\/jordibordas.com\\\/s\\\/producto\\\/chocoemotion-47\\\/#primaryimage\"},\"image\":{\"@id\":\"https:\\\/\\\/jordibordas.com\\\/s\\\/producto\\\/chocoemotion-47\\\/#primaryimage\"},\"thumbnailUrl\":\"https:\\\/\\\/jordibordas.com\\\/s\\\/wp-content\\\/uploads\\\/sites\\\/3\\\/2022\\\/06\\\/Chocoemotion47-fondo.jpg\",\"datePublished\":\"2022-06-20T15:15:02+00:00\",\"dateModified\":\"2025-02-28T07:20:21+00:00\",\"description\":\"Este chocolate est\u00e1 elaborado con cacao, fibras solubles, bebida de coco, nibs de cacao y probi\u00f3ticos.\",\"breadcrumb\":{\"@id\":\"https:\\\/\\\/jordibordas.com\\\/s\\\/producto\\\/chocoemotion-47\\\/#breadcrumb\"},\"inLanguage\":\"es\",\"potentialAction\":[{\"@type\":\"ReadAction\",\"target\":[\"https:\\\/\\\/jordibordas.com\\\/s\\\/producto\\\/chocoemotion-47\\\/\"]}]},{\"@type\":\"ImageObject\",\"inLanguage\":\"es\",\"@id\":\"https:\\\/\\\/jordibordas.com\\\/s\\\/producto\\\/chocoemotion-47\\\/#primaryimage\",\"url\":\"https:\\\/\\\/jordibordas.com\\\/s\\\/wp-content\\\/uploads\\\/sites\\\/3\\\/2022\\\/06\\\/Chocoemotion47-fondo.jpg\",\"contentUrl\":\"https:\\\/\\\/jordibordas.com\\\/s\\\/wp-content\\\/uploads\\\/sites\\\/3\\\/2022\\\/06\\\/Chocoemotion47-fondo.jpg\",\"width\":1000,\"height\":1000},{\"@type\":\"BreadcrumbList\",\"@id\":\"https:\\\/\\\/jordibordas.com\\\/s\\\/producto\\\/chocoemotion-47\\\/#breadcrumb\",\"itemListElement\":[{\"@type\":\"ListItem\",\"position\":1,\"name\":\"Portada\",\"item\":\"https:\\\/\\\/jordibordas.com\\\/s\\\/\"},{\"@type\":\"ListItem\",\"position\":2,\"name\":\"ChocoEmotion 47 %\"}]},{\"@type\":\"WebSite\",\"@id\":\"https:\\\/\\\/jordibordas.com\\\/s\\\/#website\",\"url\":\"https:\\\/\\\/jordibordas.com\\\/s\\\/\",\"name\":\"Tienda Jordi Bordas\",\"description\":\"Innovative Pastry Education\",\"potentialAction\":[{\"@type\":\"SearchAction\",\"target\":{\"@type\":\"EntryPoint\",\"urlTemplate\":\"https:\\\/\\\/jordibordas.com\\\/s\\\/?s={search_term_string}\"},\"query-input\":{\"@type\":\"PropertyValueSpecification\",\"valueRequired\":true,\"valueName\":\"search_term_string\"}}],\"inLanguage\":\"es\"}]}<\/script>\n<!-- \/ Yoast SEO plugin. -->","yoast_head_json":{"title":"ChocoEmotion 47 % - Jordi Bordas","description":"Este chocolate est\u00e1 elaborado con cacao, fibras solubles, bebida de coco, nibs de cacao y probi\u00f3ticos.","robots":{"index":"index","follow":"follow","max-snippet":"max-snippet:-1","max-image-preview":"max-image-preview:large","max-video-preview":"max-video-preview:-1"},"canonical":"https:\/\/jordibordas.com\/s\/producto\/chocoemotion-47\/","og_locale":"es_ES","og_type":"article","og_title":"ChocoEmotion 47 % - Jordi Bordas","og_description":"Este chocolate est\u00e1 elaborado con cacao, fibras solubles, bebida de coco, nibs de cacao y probi\u00f3ticos.","og_url":"https:\/\/jordibordas.com\/s\/producto\/chocoemotion-47\/","og_site_name":"Tienda Jordi Bordas","article_modified_time":"2025-02-28T07:20:21+00:00","og_image":[{"width":1000,"height":1000,"url":"https:\/\/jordibordas.com\/s\/wp-content\/uploads\/sites\/3\/2022\/06\/Chocoemotion47-fondo.jpg","type":"image\/jpeg"}],"twitter_card":"summary_large_image","twitter_misc":{"Tiempo de lectura":"1 minuto"},"schema":{"@context":"https:\/\/schema.org","@graph":[{"@type":"WebPage","@id":"https:\/\/jordibordas.com\/s\/producto\/chocoemotion-47\/","url":"https:\/\/jordibordas.com\/s\/producto\/chocoemotion-47\/","name":"ChocoEmotion 47 % - Jordi Bordas","isPartOf":{"@id":"https:\/\/jordibordas.com\/s\/#website"},"primaryImageOfPage":{"@id":"https:\/\/jordibordas.com\/s\/producto\/chocoemotion-47\/#primaryimage"},"image":{"@id":"https:\/\/jordibordas.com\/s\/producto\/chocoemotion-47\/#primaryimage"},"thumbnailUrl":"https:\/\/jordibordas.com\/s\/wp-content\/uploads\/sites\/3\/2022\/06\/Chocoemotion47-fondo.jpg","datePublished":"2022-06-20T15:15:02+00:00","dateModified":"2025-02-28T07:20:21+00:00","description":"Este chocolate est\u00e1 elaborado con cacao, fibras solubles, bebida de coco, nibs de cacao y probi\u00f3ticos.","breadcrumb":{"@id":"https:\/\/jordibordas.com\/s\/producto\/chocoemotion-47\/#breadcrumb"},"inLanguage":"es","potentialAction":[{"@type":"ReadAction","target":["https:\/\/jordibordas.com\/s\/producto\/chocoemotion-47\/"]}]},{"@type":"ImageObject","inLanguage":"es","@id":"https:\/\/jordibordas.com\/s\/producto\/chocoemotion-47\/#primaryimage","url":"https:\/\/jordibordas.com\/s\/wp-content\/uploads\/sites\/3\/2022\/06\/Chocoemotion47-fondo.jpg","contentUrl":"https:\/\/jordibordas.com\/s\/wp-content\/uploads\/sites\/3\/2022\/06\/Chocoemotion47-fondo.jpg","width":1000,"height":1000},{"@type":"BreadcrumbList","@id":"https:\/\/jordibordas.com\/s\/producto\/chocoemotion-47\/#breadcrumb","itemListElement":[{"@type":"ListItem","position":1,"name":"Portada","item":"https:\/\/jordibordas.com\/s\/"},{"@type":"ListItem","position":2,"name":"ChocoEmotion 47 %"}]},{"@type":"WebSite","@id":"https:\/\/jordibordas.com\/s\/#website","url":"https:\/\/jordibordas.com\/s\/","name":"Tienda Jordi Bordas","description":"Innovative Pastry Education","potentialAction":[{"@type":"SearchAction","target":{"@type":"EntryPoint","urlTemplate":"https:\/\/jordibordas.com\/s\/?s={search_term_string}"},"query-input":{"@type":"PropertyValueSpecification","valueRequired":true,"valueName":"search_term_string"}}],"inLanguage":"es"}]}},"_links":{"self":[{"href":"https:\/\/jordibordas.com\/s\/wp-json\/wp\/v2\/product\/6862","targetHints":{"allow":["GET"]}}],"collection":[{"href":"https:\/\/jordibordas.com\/s\/wp-json\/wp\/v2\/product"}],"about":[{"href":"https:\/\/jordibordas.com\/s\/wp-json\/wp\/v2\/types\/product"}],"wp:featuredmedia":[{"embeddable":true,"href":"https:\/\/jordibordas.com\/s\/wp-json\/wp\/v2\/media\/8821"}],"wp:attachment":[{"href":"https:\/\/jordibordas.com\/s\/wp-json\/wp\/v2\/media?parent=6862"}],"wp:term":[{"taxonomy":"product_brand","embeddable":true,"href":"https:\/\/jordibordas.com\/s\/wp-json\/wp\/v2\/product_brand?post=6862"},{"taxonomy":"product_cat","embeddable":true,"href":"https:\/\/jordibordas.com\/s\/wp-json\/wp\/v2\/product_cat?post=6862"},{"taxonomy":"product_tag","embeddable":true,"href":"https:\/\/jordibordas.com\/s\/wp-json\/wp\/v2\/product_tag?post=6862"}],"curies":[{"name":"wp","href":"https:\/\/api.w.org\/{rel}","templated":true}]}}