{"id":6864,"date":"2022-06-21T11:14:26","date_gmt":"2022-06-21T09:14:26","guid":{"rendered":"https:\/\/jordibordas.com\/s\/?post_type=product&#038;p=6864"},"modified":"2025-05-13T10:36:15","modified_gmt":"2025-05-13T08:36:15","slug":"chocoemotion-52","status":"publish","type":"product","link":"https:\/\/jordibordas.com\/s\/producto\/chocoemotion-52\/","title":{"rendered":"ChocoEmotion 52 %"},"content":{"rendered":"<h4><span style=\"color: #333333;\">CHOCOEMOTION 52 %<\/span><\/h4>\n<p><em><span style=\"color: #333333;\">con Bifidobacterium y Lactobacillus<\/span><\/em><\/p>\n<p><img loading=\"lazy\" decoding=\"async\" class=\"alignnone size-full wp-image-5807\" src=\"https:\/\/www.jordibordas.com\/tienda\/wp-content\/uploads\/sites\/3\/2021\/12\/Recurso-7.png\" alt=\"Recurso 7\" width=\"183\" height=\"54\" \/><\/p>\n<p>La colecci\u00f3n in\u00e9dita di&amp;vi ha sido creada por el psiconeuroinmun\u00f3logo <strong>Xevi Verdaguer<\/strong>\u00a0y el Campe\u00f3n del Mundo de Pasteler\u00eda\u00a0<strong>Jordi Bordas<\/strong>. Profesionales de la salud y la gastronom\u00eda que han trabajado mano a mano para desarrollar cada receta, garantizando su\u00a0<strong>calidad nutricional, sabor y textura<\/strong>.<\/p>\n<p>La variedad\u00a0<strong>ChocoEmotion 52 %<\/strong>\u00a0est\u00e1 elaborada con cacao, una selecci\u00f3n de frutos secos, fibras solubles,\u00a0<em>Bifidobacterium longum<\/em>\u00a0y\u00a0<em>Lactobacillus rhamnosus<\/em>. Destaca por el maridaje de los frutos secos y la frambuesa que, junto al intenso sabor del cacao, lo convierte en un chocolate lleno de matices.<\/p>\n<p>&nbsp;<\/p>\n<hr \/>\n<p>100 g<\/p>\n<h6>Puede contener trazas de otros frutos de c\u00e1scara, huevo, soja, productos l\u00e1cteos, gluten y sulfitos.<\/h6>\n<p>&nbsp;<\/p>\n","protected":false},"excerpt":{"rendered":"<p>Destaca por el maridaje de los frutos secos y la frambuesa que, junto al intenso sabor del cacao, lo convierte en un chocolate lleno de matices.<\/p>\n","protected":false},"featured_media":8820,"template":"","meta":{"_acf_changed":false,"_themeisle_gutenberg_block_has_review":false},"product_brand":[],"product_cat":[114],"product_tag":[],"class_list":{"0":"post-6864","1":"product","2":"type-product","3":"status-publish","4":"has-post-thumbnail","6":"product_cat-chocolates-divi","7":"product_shipping_class-normal-n","9":"first","10":"outofstock","11":"taxable","12":"shipping-taxable","13":"purchasable","14":"product-type-simple"},"acf":[],"yoast_head":"<!-- This site is optimized with the Yoast SEO plugin v27.6 - https:\/\/yoast.com\/product\/yoast-seo-wordpress\/ -->\n<title>ChocoEmotion 52 % - Jordi Bordas<\/title>\n<meta name=\"description\" content=\"ChocoEmotion 52 %\u00a0est\u00e1 elaborada con cacao, una selecci\u00f3n de frutos secos, fibras solubles y probi\u00f3ticos.\" \/>\n<meta name=\"robots\" content=\"index, follow, max-snippet:-1, max-image-preview:large, max-video-preview:-1\" \/>\n<link rel=\"canonical\" href=\"https:\/\/jordibordas.com\/s\/producto\/chocoemotion-52\/\" \/>\n<meta property=\"og:locale\" content=\"es_ES\" \/>\n<meta property=\"og:type\" content=\"article\" \/>\n<meta property=\"og:title\" content=\"ChocoEmotion 52 % - Jordi Bordas\" \/>\n<meta property=\"og:description\" content=\"ChocoEmotion 52 %\u00a0est\u00e1 elaborada con cacao, una selecci\u00f3n de frutos secos, fibras solubles y probi\u00f3ticos.\" \/>\n<meta property=\"og:url\" content=\"https:\/\/jordibordas.com\/s\/producto\/chocoemotion-52\/\" \/>\n<meta property=\"og:site_name\" content=\"Tienda Jordi Bordas\" \/>\n<meta property=\"article:modified_time\" content=\"2025-05-13T08:36:15+00:00\" \/>\n<meta property=\"og:image\" content=\"https:\/\/jordibordas.com\/s\/wp-content\/uploads\/sites\/3\/2022\/06\/Chocoemotion52-fondo.jpg\" \/>\n\t<meta property=\"og:image:width\" content=\"1000\" \/>\n\t<meta property=\"og:image:height\" content=\"1000\" \/>\n\t<meta property=\"og:image:type\" content=\"image\/jpeg\" \/>\n<meta name=\"twitter:card\" content=\"summary_large_image\" \/>\n<meta name=\"twitter:label1\" content=\"Tiempo de lectura\" \/>\n\t<meta name=\"twitter:data1\" content=\"1 minuto\" \/>\n<script type=\"application\/ld+json\" class=\"yoast-schema-graph\">{\"@context\":\"https:\\\/\\\/schema.org\",\"@graph\":[{\"@type\":\"WebPage\",\"@id\":\"https:\\\/\\\/jordibordas.com\\\/s\\\/producto\\\/chocoemotion-52\\\/\",\"url\":\"https:\\\/\\\/jordibordas.com\\\/s\\\/producto\\\/chocoemotion-52\\\/\",\"name\":\"ChocoEmotion 52 % - Jordi Bordas\",\"isPartOf\":{\"@id\":\"https:\\\/\\\/jordibordas.com\\\/s\\\/#website\"},\"primaryImageOfPage\":{\"@id\":\"https:\\\/\\\/jordibordas.com\\\/s\\\/producto\\\/chocoemotion-52\\\/#primaryimage\"},\"image\":{\"@id\":\"https:\\\/\\\/jordibordas.com\\\/s\\\/producto\\\/chocoemotion-52\\\/#primaryimage\"},\"thumbnailUrl\":\"https:\\\/\\\/jordibordas.com\\\/s\\\/wp-content\\\/uploads\\\/sites\\\/3\\\/2022\\\/06\\\/Chocoemotion52-fondo.jpg\",\"datePublished\":\"2022-06-21T09:14:26+00:00\",\"dateModified\":\"2025-05-13T08:36:15+00:00\",\"description\":\"ChocoEmotion 52 %\u00a0est\u00e1 elaborada con cacao, una selecci\u00f3n de frutos secos, fibras solubles y probi\u00f3ticos.\",\"breadcrumb\":{\"@id\":\"https:\\\/\\\/jordibordas.com\\\/s\\\/producto\\\/chocoemotion-52\\\/#breadcrumb\"},\"inLanguage\":\"es\",\"potentialAction\":[{\"@type\":\"ReadAction\",\"target\":[\"https:\\\/\\\/jordibordas.com\\\/s\\\/producto\\\/chocoemotion-52\\\/\"]}]},{\"@type\":\"ImageObject\",\"inLanguage\":\"es\",\"@id\":\"https:\\\/\\\/jordibordas.com\\\/s\\\/producto\\\/chocoemotion-52\\\/#primaryimage\",\"url\":\"https:\\\/\\\/jordibordas.com\\\/s\\\/wp-content\\\/uploads\\\/sites\\\/3\\\/2022\\\/06\\\/Chocoemotion52-fondo.jpg\",\"contentUrl\":\"https:\\\/\\\/jordibordas.com\\\/s\\\/wp-content\\\/uploads\\\/sites\\\/3\\\/2022\\\/06\\\/Chocoemotion52-fondo.jpg\",\"width\":1000,\"height\":1000},{\"@type\":\"BreadcrumbList\",\"@id\":\"https:\\\/\\\/jordibordas.com\\\/s\\\/producto\\\/chocoemotion-52\\\/#breadcrumb\",\"itemListElement\":[{\"@type\":\"ListItem\",\"position\":1,\"name\":\"Portada\",\"item\":\"https:\\\/\\\/jordibordas.com\\\/s\\\/\"},{\"@type\":\"ListItem\",\"position\":2,\"name\":\"ChocoEmotion 52 %\"}]},{\"@type\":\"WebSite\",\"@id\":\"https:\\\/\\\/jordibordas.com\\\/s\\\/#website\",\"url\":\"https:\\\/\\\/jordibordas.com\\\/s\\\/\",\"name\":\"Tienda Jordi Bordas\",\"description\":\"Innovative Pastry Education\",\"potentialAction\":[{\"@type\":\"SearchAction\",\"target\":{\"@type\":\"EntryPoint\",\"urlTemplate\":\"https:\\\/\\\/jordibordas.com\\\/s\\\/?s={search_term_string}\"},\"query-input\":{\"@type\":\"PropertyValueSpecification\",\"valueRequired\":true,\"valueName\":\"search_term_string\"}}],\"inLanguage\":\"es\"}]}<\/script>\n<!-- \/ Yoast SEO plugin. -->","yoast_head_json":{"title":"ChocoEmotion 52 % - Jordi Bordas","description":"ChocoEmotion 52 %\u00a0est\u00e1 elaborada con cacao, una selecci\u00f3n de frutos secos, fibras solubles y probi\u00f3ticos.","robots":{"index":"index","follow":"follow","max-snippet":"max-snippet:-1","max-image-preview":"max-image-preview:large","max-video-preview":"max-video-preview:-1"},"canonical":"https:\/\/jordibordas.com\/s\/producto\/chocoemotion-52\/","og_locale":"es_ES","og_type":"article","og_title":"ChocoEmotion 52 % - Jordi Bordas","og_description":"ChocoEmotion 52 %\u00a0est\u00e1 elaborada con cacao, una selecci\u00f3n de frutos secos, fibras solubles y probi\u00f3ticos.","og_url":"https:\/\/jordibordas.com\/s\/producto\/chocoemotion-52\/","og_site_name":"Tienda Jordi Bordas","article_modified_time":"2025-05-13T08:36:15+00:00","og_image":[{"width":1000,"height":1000,"url":"https:\/\/jordibordas.com\/s\/wp-content\/uploads\/sites\/3\/2022\/06\/Chocoemotion52-fondo.jpg","type":"image\/jpeg"}],"twitter_card":"summary_large_image","twitter_misc":{"Tiempo de lectura":"1 minuto"},"schema":{"@context":"https:\/\/schema.org","@graph":[{"@type":"WebPage","@id":"https:\/\/jordibordas.com\/s\/producto\/chocoemotion-52\/","url":"https:\/\/jordibordas.com\/s\/producto\/chocoemotion-52\/","name":"ChocoEmotion 52 % - Jordi Bordas","isPartOf":{"@id":"https:\/\/jordibordas.com\/s\/#website"},"primaryImageOfPage":{"@id":"https:\/\/jordibordas.com\/s\/producto\/chocoemotion-52\/#primaryimage"},"image":{"@id":"https:\/\/jordibordas.com\/s\/producto\/chocoemotion-52\/#primaryimage"},"thumbnailUrl":"https:\/\/jordibordas.com\/s\/wp-content\/uploads\/sites\/3\/2022\/06\/Chocoemotion52-fondo.jpg","datePublished":"2022-06-21T09:14:26+00:00","dateModified":"2025-05-13T08:36:15+00:00","description":"ChocoEmotion 52 %\u00a0est\u00e1 elaborada con cacao, una selecci\u00f3n de frutos secos, fibras solubles y probi\u00f3ticos.","breadcrumb":{"@id":"https:\/\/jordibordas.com\/s\/producto\/chocoemotion-52\/#breadcrumb"},"inLanguage":"es","potentialAction":[{"@type":"ReadAction","target":["https:\/\/jordibordas.com\/s\/producto\/chocoemotion-52\/"]}]},{"@type":"ImageObject","inLanguage":"es","@id":"https:\/\/jordibordas.com\/s\/producto\/chocoemotion-52\/#primaryimage","url":"https:\/\/jordibordas.com\/s\/wp-content\/uploads\/sites\/3\/2022\/06\/Chocoemotion52-fondo.jpg","contentUrl":"https:\/\/jordibordas.com\/s\/wp-content\/uploads\/sites\/3\/2022\/06\/Chocoemotion52-fondo.jpg","width":1000,"height":1000},{"@type":"BreadcrumbList","@id":"https:\/\/jordibordas.com\/s\/producto\/chocoemotion-52\/#breadcrumb","itemListElement":[{"@type":"ListItem","position":1,"name":"Portada","item":"https:\/\/jordibordas.com\/s\/"},{"@type":"ListItem","position":2,"name":"ChocoEmotion 52 %"}]},{"@type":"WebSite","@id":"https:\/\/jordibordas.com\/s\/#website","url":"https:\/\/jordibordas.com\/s\/","name":"Tienda Jordi Bordas","description":"Innovative Pastry Education","potentialAction":[{"@type":"SearchAction","target":{"@type":"EntryPoint","urlTemplate":"https:\/\/jordibordas.com\/s\/?s={search_term_string}"},"query-input":{"@type":"PropertyValueSpecification","valueRequired":true,"valueName":"search_term_string"}}],"inLanguage":"es"}]}},"_links":{"self":[{"href":"https:\/\/jordibordas.com\/s\/wp-json\/wp\/v2\/product\/6864","targetHints":{"allow":["GET"]}}],"collection":[{"href":"https:\/\/jordibordas.com\/s\/wp-json\/wp\/v2\/product"}],"about":[{"href":"https:\/\/jordibordas.com\/s\/wp-json\/wp\/v2\/types\/product"}],"wp:featuredmedia":[{"embeddable":true,"href":"https:\/\/jordibordas.com\/s\/wp-json\/wp\/v2\/media\/8820"}],"wp:attachment":[{"href":"https:\/\/jordibordas.com\/s\/wp-json\/wp\/v2\/media?parent=6864"}],"wp:term":[{"taxonomy":"product_brand","embeddable":true,"href":"https:\/\/jordibordas.com\/s\/wp-json\/wp\/v2\/product_brand?post=6864"},{"taxonomy":"product_cat","embeddable":true,"href":"https:\/\/jordibordas.com\/s\/wp-json\/wp\/v2\/product_cat?post=6864"},{"taxonomy":"product_tag","embeddable":true,"href":"https:\/\/jordibordas.com\/s\/wp-json\/wp\/v2\/product_tag?post=6864"}],"curies":[{"name":"wp","href":"https:\/\/api.w.org\/{rel}","templated":true}]}}