{"id":6866,"date":"2022-06-21T11:55:04","date_gmt":"2022-06-21T09:55:04","guid":{"rendered":"https:\/\/jordibordas.com\/s\/?post_type=product&#038;p=6866"},"modified":"2025-05-13T10:36:04","modified_gmt":"2025-05-13T08:36:04","slug":"chocobalance-70","status":"publish","type":"product","link":"https:\/\/jordibordas.com\/s\/producto\/chocobalance-70\/","title":{"rendered":"ChocoBalance 70 %"},"content":{"rendered":"<h4><span style=\"color: #333333;\">CHOCOBALANCE 70 %<\/span><\/h4>\n<p><em><span style=\"color: #333333;\">con Bifidobacterium<\/span><\/em><\/p>\n<p><img loading=\"lazy\" decoding=\"async\" class=\"alignnone size-full wp-image-5807\" src=\"https:\/\/www.jordibordas.com\/tienda\/wp-content\/uploads\/sites\/3\/2021\/12\/Recurso-7.png\" alt=\"Recurso 7\" width=\"183\" height=\"54\" \/><\/p>\n<p>La colecci\u00f3n in\u00e9dita di&amp;vi ha sido creada por el psiconeuroinmun\u00f3logo <strong>Xevi Verdaguer<\/strong>\u00a0y el Campe\u00f3n del Mundo de Pasteler\u00eda\u00a0<strong>Jordi Bordas<\/strong>. Profesionales de la salud y la gastronom\u00eda que han trabajado mano a mano para desarrollar cada receta, garantizando su\u00a0<strong>calidad nutricional, sabor y textura<\/strong>.<\/p>\n<p>La variedad\u00a0<strong>ChocoBalance 70 %<\/strong>\u00a0est\u00e1 elaborada con cacao, fibras solubles y\u00a0<em>Bifidobacterium animalis sub. lactis<\/em>. Destaca por su intenso sabor a cacao puro, haciendo de esta variedad un chocolate con mucho car\u00e1cter.<\/p>\n<p>&nbsp;<\/p>\n<hr \/>\n<p>100 g<\/p>\n<h6>Puede contener trazas de frutos de c\u00e1scara, huevo, soja, productos l\u00e1cteos, gluten y sulfitos.<\/h6>\n<p>&nbsp;<\/p>\n","protected":false},"excerpt":{"rendered":"<p>Destaca por su intenso sabor a cacao puro, haciendo de esta variedad un chocolate con mucho car\u00e1cter.<\/p>\n","protected":false},"featured_media":8817,"template":"","meta":{"_acf_changed":false,"_themeisle_gutenberg_block_has_review":false},"product_brand":[],"product_cat":[114],"product_tag":[],"class_list":{"0":"post-6866","1":"product","2":"type-product","3":"status-publish","4":"has-post-thumbnail","6":"product_cat-chocolates-divi","7":"product_shipping_class-normal-n","9":"first","10":"outofstock","11":"taxable","12":"shipping-taxable","13":"purchasable","14":"product-type-simple"},"acf":[],"yoast_head":"<!-- This site is optimized with the Yoast SEO plugin v27.4 - https:\/\/yoast.com\/product\/yoast-seo-wordpress\/ -->\n<title>ChocoBalance 70 % - Jordi Bordas<\/title>\n<meta name=\"description\" content=\"ChocoBalance 70 %\u00a0est\u00e1 elaborada con cacao, fibras solubles y\u00a0Bifidobacterium animalis sub. lactis. Destaca por su intenso sabor a cacao puro, haciendo de esta variedad un chocolate con mucho car\u00e1cter.\" \/>\n<meta name=\"robots\" content=\"index, follow, max-snippet:-1, max-image-preview:large, max-video-preview:-1\" \/>\n<link rel=\"canonical\" href=\"https:\/\/jordibordas.com\/s\/producto\/chocobalance-70\/\" \/>\n<meta property=\"og:locale\" content=\"es_ES\" \/>\n<meta property=\"og:type\" content=\"article\" \/>\n<meta property=\"og:title\" content=\"ChocoBalance 70 % - Jordi Bordas\" \/>\n<meta property=\"og:description\" content=\"ChocoBalance 70 %\u00a0est\u00e1 elaborada con cacao, fibras solubles y\u00a0Bifidobacterium animalis sub. lactis. Destaca por su intenso sabor a cacao puro, haciendo de esta variedad un chocolate con mucho car\u00e1cter.\" \/>\n<meta property=\"og:url\" content=\"https:\/\/jordibordas.com\/s\/producto\/chocobalance-70\/\" \/>\n<meta property=\"og:site_name\" content=\"Tienda Jordi Bordas\" \/>\n<meta property=\"article:modified_time\" content=\"2025-05-13T08:36:04+00:00\" \/>\n<meta property=\"og:image\" content=\"https:\/\/jordibordas.com\/s\/wp-content\/uploads\/sites\/3\/2022\/06\/Chocobalance70-fondo-1.jpg\" \/>\n\t<meta property=\"og:image:width\" content=\"1000\" \/>\n\t<meta property=\"og:image:height\" content=\"1000\" \/>\n\t<meta property=\"og:image:type\" content=\"image\/jpeg\" \/>\n<meta name=\"twitter:card\" content=\"summary_large_image\" \/>\n<meta name=\"twitter:label1\" content=\"Tiempo de lectura\" \/>\n\t<meta name=\"twitter:data1\" content=\"1 minuto\" \/>\n<script type=\"application\/ld+json\" class=\"yoast-schema-graph\">{\"@context\":\"https:\\\/\\\/schema.org\",\"@graph\":[{\"@type\":\"WebPage\",\"@id\":\"https:\\\/\\\/jordibordas.com\\\/s\\\/producto\\\/chocobalance-70\\\/\",\"url\":\"https:\\\/\\\/jordibordas.com\\\/s\\\/producto\\\/chocobalance-70\\\/\",\"name\":\"ChocoBalance 70 % - Jordi Bordas\",\"isPartOf\":{\"@id\":\"https:\\\/\\\/jordibordas.com\\\/s\\\/#website\"},\"primaryImageOfPage\":{\"@id\":\"https:\\\/\\\/jordibordas.com\\\/s\\\/producto\\\/chocobalance-70\\\/#primaryimage\"},\"image\":{\"@id\":\"https:\\\/\\\/jordibordas.com\\\/s\\\/producto\\\/chocobalance-70\\\/#primaryimage\"},\"thumbnailUrl\":\"https:\\\/\\\/jordibordas.com\\\/s\\\/wp-content\\\/uploads\\\/sites\\\/3\\\/2022\\\/06\\\/Chocobalance70-fondo-1.jpg\",\"datePublished\":\"2022-06-21T09:55:04+00:00\",\"dateModified\":\"2025-05-13T08:36:04+00:00\",\"description\":\"ChocoBalance 70 %\u00a0est\u00e1 elaborada con cacao, fibras solubles y\u00a0Bifidobacterium animalis sub. lactis. Destaca por su intenso sabor a cacao puro, haciendo de esta variedad un chocolate con mucho car\u00e1cter.\",\"breadcrumb\":{\"@id\":\"https:\\\/\\\/jordibordas.com\\\/s\\\/producto\\\/chocobalance-70\\\/#breadcrumb\"},\"inLanguage\":\"es\",\"potentialAction\":[{\"@type\":\"ReadAction\",\"target\":[\"https:\\\/\\\/jordibordas.com\\\/s\\\/producto\\\/chocobalance-70\\\/\"]}]},{\"@type\":\"ImageObject\",\"inLanguage\":\"es\",\"@id\":\"https:\\\/\\\/jordibordas.com\\\/s\\\/producto\\\/chocobalance-70\\\/#primaryimage\",\"url\":\"https:\\\/\\\/jordibordas.com\\\/s\\\/wp-content\\\/uploads\\\/sites\\\/3\\\/2022\\\/06\\\/Chocobalance70-fondo-1.jpg\",\"contentUrl\":\"https:\\\/\\\/jordibordas.com\\\/s\\\/wp-content\\\/uploads\\\/sites\\\/3\\\/2022\\\/06\\\/Chocobalance70-fondo-1.jpg\",\"width\":1000,\"height\":1000},{\"@type\":\"BreadcrumbList\",\"@id\":\"https:\\\/\\\/jordibordas.com\\\/s\\\/producto\\\/chocobalance-70\\\/#breadcrumb\",\"itemListElement\":[{\"@type\":\"ListItem\",\"position\":1,\"name\":\"Portada\",\"item\":\"https:\\\/\\\/jordibordas.com\\\/s\\\/\"},{\"@type\":\"ListItem\",\"position\":2,\"name\":\"ChocoBalance 70 %\"}]},{\"@type\":\"WebSite\",\"@id\":\"https:\\\/\\\/jordibordas.com\\\/s\\\/#website\",\"url\":\"https:\\\/\\\/jordibordas.com\\\/s\\\/\",\"name\":\"Tienda Jordi Bordas\",\"description\":\"Innovative Pastry Education\",\"potentialAction\":[{\"@type\":\"SearchAction\",\"target\":{\"@type\":\"EntryPoint\",\"urlTemplate\":\"https:\\\/\\\/jordibordas.com\\\/s\\\/?s={search_term_string}\"},\"query-input\":{\"@type\":\"PropertyValueSpecification\",\"valueRequired\":true,\"valueName\":\"search_term_string\"}}],\"inLanguage\":\"es\"}]}<\/script>\n<!-- \/ Yoast SEO plugin. -->","yoast_head_json":{"title":"ChocoBalance 70 % - Jordi Bordas","description":"ChocoBalance 70 %\u00a0est\u00e1 elaborada con cacao, fibras solubles y\u00a0Bifidobacterium animalis sub. lactis. Destaca por su intenso sabor a cacao puro, haciendo de esta variedad un chocolate con mucho car\u00e1cter.","robots":{"index":"index","follow":"follow","max-snippet":"max-snippet:-1","max-image-preview":"max-image-preview:large","max-video-preview":"max-video-preview:-1"},"canonical":"https:\/\/jordibordas.com\/s\/producto\/chocobalance-70\/","og_locale":"es_ES","og_type":"article","og_title":"ChocoBalance 70 % - Jordi Bordas","og_description":"ChocoBalance 70 %\u00a0est\u00e1 elaborada con cacao, fibras solubles y\u00a0Bifidobacterium animalis sub. lactis. Destaca por su intenso sabor a cacao puro, haciendo de esta variedad un chocolate con mucho car\u00e1cter.","og_url":"https:\/\/jordibordas.com\/s\/producto\/chocobalance-70\/","og_site_name":"Tienda Jordi Bordas","article_modified_time":"2025-05-13T08:36:04+00:00","og_image":[{"width":1000,"height":1000,"url":"https:\/\/jordibordas.com\/s\/wp-content\/uploads\/sites\/3\/2022\/06\/Chocobalance70-fondo-1.jpg","type":"image\/jpeg"}],"twitter_card":"summary_large_image","twitter_misc":{"Tiempo de lectura":"1 minuto"},"schema":{"@context":"https:\/\/schema.org","@graph":[{"@type":"WebPage","@id":"https:\/\/jordibordas.com\/s\/producto\/chocobalance-70\/","url":"https:\/\/jordibordas.com\/s\/producto\/chocobalance-70\/","name":"ChocoBalance 70 % - Jordi Bordas","isPartOf":{"@id":"https:\/\/jordibordas.com\/s\/#website"},"primaryImageOfPage":{"@id":"https:\/\/jordibordas.com\/s\/producto\/chocobalance-70\/#primaryimage"},"image":{"@id":"https:\/\/jordibordas.com\/s\/producto\/chocobalance-70\/#primaryimage"},"thumbnailUrl":"https:\/\/jordibordas.com\/s\/wp-content\/uploads\/sites\/3\/2022\/06\/Chocobalance70-fondo-1.jpg","datePublished":"2022-06-21T09:55:04+00:00","dateModified":"2025-05-13T08:36:04+00:00","description":"ChocoBalance 70 %\u00a0est\u00e1 elaborada con cacao, fibras solubles y\u00a0Bifidobacterium animalis sub. lactis. Destaca por su intenso sabor a cacao puro, haciendo de esta variedad un chocolate con mucho car\u00e1cter.","breadcrumb":{"@id":"https:\/\/jordibordas.com\/s\/producto\/chocobalance-70\/#breadcrumb"},"inLanguage":"es","potentialAction":[{"@type":"ReadAction","target":["https:\/\/jordibordas.com\/s\/producto\/chocobalance-70\/"]}]},{"@type":"ImageObject","inLanguage":"es","@id":"https:\/\/jordibordas.com\/s\/producto\/chocobalance-70\/#primaryimage","url":"https:\/\/jordibordas.com\/s\/wp-content\/uploads\/sites\/3\/2022\/06\/Chocobalance70-fondo-1.jpg","contentUrl":"https:\/\/jordibordas.com\/s\/wp-content\/uploads\/sites\/3\/2022\/06\/Chocobalance70-fondo-1.jpg","width":1000,"height":1000},{"@type":"BreadcrumbList","@id":"https:\/\/jordibordas.com\/s\/producto\/chocobalance-70\/#breadcrumb","itemListElement":[{"@type":"ListItem","position":1,"name":"Portada","item":"https:\/\/jordibordas.com\/s\/"},{"@type":"ListItem","position":2,"name":"ChocoBalance 70 %"}]},{"@type":"WebSite","@id":"https:\/\/jordibordas.com\/s\/#website","url":"https:\/\/jordibordas.com\/s\/","name":"Tienda Jordi Bordas","description":"Innovative Pastry Education","potentialAction":[{"@type":"SearchAction","target":{"@type":"EntryPoint","urlTemplate":"https:\/\/jordibordas.com\/s\/?s={search_term_string}"},"query-input":{"@type":"PropertyValueSpecification","valueRequired":true,"valueName":"search_term_string"}}],"inLanguage":"es"}]}},"_links":{"self":[{"href":"https:\/\/jordibordas.com\/s\/wp-json\/wp\/v2\/product\/6866","targetHints":{"allow":["GET"]}}],"collection":[{"href":"https:\/\/jordibordas.com\/s\/wp-json\/wp\/v2\/product"}],"about":[{"href":"https:\/\/jordibordas.com\/s\/wp-json\/wp\/v2\/types\/product"}],"wp:featuredmedia":[{"embeddable":true,"href":"https:\/\/jordibordas.com\/s\/wp-json\/wp\/v2\/media\/8817"}],"wp:attachment":[{"href":"https:\/\/jordibordas.com\/s\/wp-json\/wp\/v2\/media?parent=6866"}],"wp:term":[{"taxonomy":"product_brand","embeddable":true,"href":"https:\/\/jordibordas.com\/s\/wp-json\/wp\/v2\/product_brand?post=6866"},{"taxonomy":"product_cat","embeddable":true,"href":"https:\/\/jordibordas.com\/s\/wp-json\/wp\/v2\/product_cat?post=6866"},{"taxonomy":"product_tag","embeddable":true,"href":"https:\/\/jordibordas.com\/s\/wp-json\/wp\/v2\/product_tag?post=6866"}],"curies":[{"name":"wp","href":"https:\/\/api.w.org\/{rel}","templated":true}]}}