{"id":9127,"date":"2022-11-29T10:01:29","date_gmt":"2022-11-29T09:01:29","guid":{"rendered":"https:\/\/jordibordas.com\/s\/?post_type=product&#038;p=9127"},"modified":"2023-12-01T13:42:40","modified_gmt":"2023-12-01T12:42:40","slug":"coleccion-essentials","status":"publish","type":"product","link":"https:\/\/jordibordas.com\/s\/producto\/coleccion-essentials\/","title":{"rendered":"Colecci\u00f3n Essentials"},"content":{"rendered":"<h4><span style=\"color: #91172b\">COLECCI\u00d3N ESSENTIALS<\/span><\/h4>\n<p><span style=\"color: #91172b\">colecci\u00f3n completa con los cuatro turrones Essentials: Almendrado, Gianduja, Pecadamia y Puro Cacao<\/span><\/p>\n<p><img loading=\"lazy\" decoding=\"async\" class=\"alignnone size-full wp-image-8877\" src=\"https:\/\/jordibordas.com\/s\/wp-content\/uploads\/sites\/3\/2021\/12\/leyenda-soles.png\" alt=\"leyenda soles\" width=\"245\" height=\"53\" \/><\/p>\n<p>&nbsp;<\/p>\n<p><strong>Essential Almendrado. <\/strong>Esta elaboraci\u00f3n est\u00e1 compuesta por un pralin\u00e9 de almendras de L\u00e9rida caramelizadas y chocolate suave vegano. Destaca por su alto porcentaje de fruto seco y una agradable textura crujiente con trocitos de almendra.<\/p>\n<h6>Contiene: frutos secos (almendra) y avena sin gluten. Puede contener trazas de otros cereales con gluten, leche, huevo y frutos secos.<\/h6>\n<p>&nbsp;<\/p>\n<p><strong>Essential Gianduja.<\/strong> Esta elaboraci\u00f3n est\u00e1 compuesta por una gianduja de avellanas negreta de Tarragona caramelizadas y chocolate suave vegano. Destaca por su alto porcentaje de fruto seco y una agradable textura cremosa con trocitos de avellana.<\/p>\n<h6>Contiene: frutos secos (avellana) y avena sin gluten. Puede contener trazas de otros cereales con gluten, leche, huevo y frutos secos.<\/h6>\n<p>&nbsp;<\/p>\n<p><strong>Essential Pecadamia.<\/strong> Esta elaboraci\u00f3n est\u00e1 compuesta por un pralin\u00e9 de nueces de macadamia y pec\u00e1n caramelizadas, y chocolate del 70 % org\u00e1nico de Ghana y Madagascar. Destaca por su alto porcentaje de fruto seco, una textura semicrujiente con trocitos de macadamia y pec\u00e1n, y un intenso sabor a cacao.<\/p>\n<h6>Contiene: frutos secos (pec\u00e1n, nuez de macadamia, almendra) y avena sin gluten. Puede contener trazas de otros cereales con gluten, leche, huevo y frutos secos.<\/h6>\n<p>&nbsp;<\/p>\n<p><strong>Essential Puro Cacao.<\/strong> Esta elaboraci\u00f3n est\u00e1 compuesta por una trufa de chocolate del 70 % org\u00e1nico de Ghana y Madagascar y un toque de flor de sal Maldon. Destaca por su textura cremosa y su intenso sabor a cacao. Dise\u00f1ada para los amantes del chocolate negro.<\/p>\n<h6>Contiene: avena sin gluten. Puede contener trazas de otros cereales con gluten, leche, huevo y frutos secos.<\/h6>\n<p>&nbsp;<\/p>\n<p>200 g por unidad<\/p>\n","protected":false},"excerpt":{"rendered":"<p>Colecci\u00f3n completa con los cuatro turrones Essentials: Almendrado, Gianduja, Pecadamia y Puro Cacao<\/p>\n","protected":false},"featured_media":9128,"template":"","meta":{"_acf_changed":false,"_themeisle_gutenberg_block_has_review":false},"product_brand":[],"product_cat":[121],"product_tag":[],"class_list":{"0":"post-9127","1":"product","2":"type-product","3":"status-publish","4":"has-post-thumbnail","6":"product_cat-essentials","7":"product_shipping_class-normal-n","9":"first","10":"outofstock","11":"taxable","12":"shipping-taxable","13":"purchasable","14":"product-type-simple"},"acf":[],"yoast_head":"<!-- This site is optimized with the Yoast SEO plugin v27.4 - https:\/\/yoast.com\/product\/yoast-seo-wordpress\/ -->\n<title>Colecci\u00f3n Essentials - Jordi Bordas<\/title>\n<meta name=\"description\" content=\"Colecci\u00f3n completa con los cuatro turrones Essentials: Almendrado, Gianduja, Pecadamia y Puro Cacao.\" \/>\n<meta name=\"robots\" content=\"index, follow, max-snippet:-1, max-image-preview:large, max-video-preview:-1\" \/>\n<link rel=\"canonical\" href=\"https:\/\/jordibordas.com\/s\/producto\/coleccion-essentials\/\" \/>\n<meta property=\"og:locale\" content=\"es_ES\" \/>\n<meta property=\"og:type\" content=\"article\" \/>\n<meta property=\"og:title\" content=\"Colecci\u00f3n Essentials - Jordi Bordas\" \/>\n<meta property=\"og:description\" content=\"Colecci\u00f3n completa con los cuatro turrones Essentials: Almendrado, Gianduja, Pecadamia y Puro Cacao.\" \/>\n<meta property=\"og:url\" content=\"https:\/\/jordibordas.com\/s\/producto\/coleccion-essentials\/\" \/>\n<meta property=\"og:site_name\" content=\"Tienda Jordi Bordas\" \/>\n<meta property=\"article:modified_time\" content=\"2023-12-01T12:42:40+00:00\" \/>\n<meta property=\"og:image\" content=\"https:\/\/jordibordas.com\/s\/wp-content\/uploads\/sites\/3\/2022\/11\/Essentials-coleccion.jpg\" \/>\n\t<meta property=\"og:image:width\" content=\"1000\" \/>\n\t<meta property=\"og:image:height\" content=\"1000\" \/>\n\t<meta property=\"og:image:type\" content=\"image\/jpeg\" \/>\n<meta name=\"twitter:card\" content=\"summary_large_image\" \/>\n<meta name=\"twitter:label1\" content=\"Tiempo de lectura\" \/>\n\t<meta name=\"twitter:data1\" content=\"2 minutos\" \/>\n<script type=\"application\/ld+json\" class=\"yoast-schema-graph\">{\"@context\":\"https:\\\/\\\/schema.org\",\"@graph\":[{\"@type\":\"WebPage\",\"@id\":\"https:\\\/\\\/jordibordas.com\\\/s\\\/producto\\\/coleccion-essentials\\\/\",\"url\":\"https:\\\/\\\/jordibordas.com\\\/s\\\/producto\\\/coleccion-essentials\\\/\",\"name\":\"Colecci\u00f3n Essentials - Jordi Bordas\",\"isPartOf\":{\"@id\":\"https:\\\/\\\/jordibordas.com\\\/s\\\/#website\"},\"primaryImageOfPage\":{\"@id\":\"https:\\\/\\\/jordibordas.com\\\/s\\\/producto\\\/coleccion-essentials\\\/#primaryimage\"},\"image\":{\"@id\":\"https:\\\/\\\/jordibordas.com\\\/s\\\/producto\\\/coleccion-essentials\\\/#primaryimage\"},\"thumbnailUrl\":\"https:\\\/\\\/jordibordas.com\\\/s\\\/wp-content\\\/uploads\\\/sites\\\/3\\\/2022\\\/11\\\/Essentials-coleccion.jpg\",\"datePublished\":\"2022-11-29T09:01:29+00:00\",\"dateModified\":\"2023-12-01T12:42:40+00:00\",\"description\":\"Colecci\u00f3n completa con los cuatro turrones Essentials: Almendrado, Gianduja, Pecadamia y Puro Cacao.\",\"breadcrumb\":{\"@id\":\"https:\\\/\\\/jordibordas.com\\\/s\\\/producto\\\/coleccion-essentials\\\/#breadcrumb\"},\"inLanguage\":\"es\",\"potentialAction\":[{\"@type\":\"ReadAction\",\"target\":[\"https:\\\/\\\/jordibordas.com\\\/s\\\/producto\\\/coleccion-essentials\\\/\"]}]},{\"@type\":\"ImageObject\",\"inLanguage\":\"es\",\"@id\":\"https:\\\/\\\/jordibordas.com\\\/s\\\/producto\\\/coleccion-essentials\\\/#primaryimage\",\"url\":\"https:\\\/\\\/jordibordas.com\\\/s\\\/wp-content\\\/uploads\\\/sites\\\/3\\\/2022\\\/11\\\/Essentials-coleccion.jpg\",\"contentUrl\":\"https:\\\/\\\/jordibordas.com\\\/s\\\/wp-content\\\/uploads\\\/sites\\\/3\\\/2022\\\/11\\\/Essentials-coleccion.jpg\",\"width\":1000,\"height\":1000},{\"@type\":\"BreadcrumbList\",\"@id\":\"https:\\\/\\\/jordibordas.com\\\/s\\\/producto\\\/coleccion-essentials\\\/#breadcrumb\",\"itemListElement\":[{\"@type\":\"ListItem\",\"position\":1,\"name\":\"Portada\",\"item\":\"https:\\\/\\\/jordibordas.com\\\/s\\\/\"},{\"@type\":\"ListItem\",\"position\":2,\"name\":\"Colecci\u00f3n Essentials\"}]},{\"@type\":\"WebSite\",\"@id\":\"https:\\\/\\\/jordibordas.com\\\/s\\\/#website\",\"url\":\"https:\\\/\\\/jordibordas.com\\\/s\\\/\",\"name\":\"Tienda Jordi Bordas\",\"description\":\"Innovative Pastry Education\",\"potentialAction\":[{\"@type\":\"SearchAction\",\"target\":{\"@type\":\"EntryPoint\",\"urlTemplate\":\"https:\\\/\\\/jordibordas.com\\\/s\\\/?s={search_term_string}\"},\"query-input\":{\"@type\":\"PropertyValueSpecification\",\"valueRequired\":true,\"valueName\":\"search_term_string\"}}],\"inLanguage\":\"es\"}]}<\/script>\n<!-- \/ Yoast SEO plugin. -->","yoast_head_json":{"title":"Colecci\u00f3n Essentials - Jordi Bordas","description":"Colecci\u00f3n completa con los cuatro turrones Essentials: Almendrado, Gianduja, Pecadamia y Puro Cacao.","robots":{"index":"index","follow":"follow","max-snippet":"max-snippet:-1","max-image-preview":"max-image-preview:large","max-video-preview":"max-video-preview:-1"},"canonical":"https:\/\/jordibordas.com\/s\/producto\/coleccion-essentials\/","og_locale":"es_ES","og_type":"article","og_title":"Colecci\u00f3n Essentials - Jordi Bordas","og_description":"Colecci\u00f3n completa con los cuatro turrones Essentials: Almendrado, Gianduja, Pecadamia y Puro Cacao.","og_url":"https:\/\/jordibordas.com\/s\/producto\/coleccion-essentials\/","og_site_name":"Tienda Jordi Bordas","article_modified_time":"2023-12-01T12:42:40+00:00","og_image":[{"width":1000,"height":1000,"url":"https:\/\/jordibordas.com\/s\/wp-content\/uploads\/sites\/3\/2022\/11\/Essentials-coleccion.jpg","type":"image\/jpeg"}],"twitter_card":"summary_large_image","twitter_misc":{"Tiempo de lectura":"2 minutos"},"schema":{"@context":"https:\/\/schema.org","@graph":[{"@type":"WebPage","@id":"https:\/\/jordibordas.com\/s\/producto\/coleccion-essentials\/","url":"https:\/\/jordibordas.com\/s\/producto\/coleccion-essentials\/","name":"Colecci\u00f3n Essentials - Jordi Bordas","isPartOf":{"@id":"https:\/\/jordibordas.com\/s\/#website"},"primaryImageOfPage":{"@id":"https:\/\/jordibordas.com\/s\/producto\/coleccion-essentials\/#primaryimage"},"image":{"@id":"https:\/\/jordibordas.com\/s\/producto\/coleccion-essentials\/#primaryimage"},"thumbnailUrl":"https:\/\/jordibordas.com\/s\/wp-content\/uploads\/sites\/3\/2022\/11\/Essentials-coleccion.jpg","datePublished":"2022-11-29T09:01:29+00:00","dateModified":"2023-12-01T12:42:40+00:00","description":"Colecci\u00f3n completa con los cuatro turrones Essentials: Almendrado, Gianduja, Pecadamia y Puro Cacao.","breadcrumb":{"@id":"https:\/\/jordibordas.com\/s\/producto\/coleccion-essentials\/#breadcrumb"},"inLanguage":"es","potentialAction":[{"@type":"ReadAction","target":["https:\/\/jordibordas.com\/s\/producto\/coleccion-essentials\/"]}]},{"@type":"ImageObject","inLanguage":"es","@id":"https:\/\/jordibordas.com\/s\/producto\/coleccion-essentials\/#primaryimage","url":"https:\/\/jordibordas.com\/s\/wp-content\/uploads\/sites\/3\/2022\/11\/Essentials-coleccion.jpg","contentUrl":"https:\/\/jordibordas.com\/s\/wp-content\/uploads\/sites\/3\/2022\/11\/Essentials-coleccion.jpg","width":1000,"height":1000},{"@type":"BreadcrumbList","@id":"https:\/\/jordibordas.com\/s\/producto\/coleccion-essentials\/#breadcrumb","itemListElement":[{"@type":"ListItem","position":1,"name":"Portada","item":"https:\/\/jordibordas.com\/s\/"},{"@type":"ListItem","position":2,"name":"Colecci\u00f3n Essentials"}]},{"@type":"WebSite","@id":"https:\/\/jordibordas.com\/s\/#website","url":"https:\/\/jordibordas.com\/s\/","name":"Tienda Jordi Bordas","description":"Innovative Pastry Education","potentialAction":[{"@type":"SearchAction","target":{"@type":"EntryPoint","urlTemplate":"https:\/\/jordibordas.com\/s\/?s={search_term_string}"},"query-input":{"@type":"PropertyValueSpecification","valueRequired":true,"valueName":"search_term_string"}}],"inLanguage":"es"}]}},"_links":{"self":[{"href":"https:\/\/jordibordas.com\/s\/wp-json\/wp\/v2\/product\/9127","targetHints":{"allow":["GET"]}}],"collection":[{"href":"https:\/\/jordibordas.com\/s\/wp-json\/wp\/v2\/product"}],"about":[{"href":"https:\/\/jordibordas.com\/s\/wp-json\/wp\/v2\/types\/product"}],"wp:featuredmedia":[{"embeddable":true,"href":"https:\/\/jordibordas.com\/s\/wp-json\/wp\/v2\/media\/9128"}],"wp:attachment":[{"href":"https:\/\/jordibordas.com\/s\/wp-json\/wp\/v2\/media?parent=9127"}],"wp:term":[{"taxonomy":"product_brand","embeddable":true,"href":"https:\/\/jordibordas.com\/s\/wp-json\/wp\/v2\/product_brand?post=9127"},{"taxonomy":"product_cat","embeddable":true,"href":"https:\/\/jordibordas.com\/s\/wp-json\/wp\/v2\/product_cat?post=9127"},{"taxonomy":"product_tag","embeddable":true,"href":"https:\/\/jordibordas.com\/s\/wp-json\/wp\/v2\/product_tag?post=9127"}],"curies":[{"name":"wp","href":"https:\/\/api.w.org\/{rel}","templated":true}]}}